{"id":1163,"date":"2020-12-31T14:59:44","date_gmt":"2020-12-31T14:59:44","guid":{"rendered":"https:\/\/vitrail-beaubreuil.fr\/?page_id=1163"},"modified":"2020-12-31T15:21:44","modified_gmt":"2020-12-31T15:21:44","slug":"protection-grillagee-exterieure","status":"publish","type":"page","link":"https:\/\/vitrail-beaubreuil.fr\/index.php\/protection-grillagee-exterieure\/","title":{"rendered":"Protection grillag\u00e9e ext\u00e9rieure"},"content":{"rendered":"\n<p class=\"has-text-align-center\"><\/p>\n\n\n\n<div class=\"wp-block-columns is-layout-flex wp-container-core-columns-is-layout-9d6595d7 wp-block-columns-is-layout-flex\">\n<div class=\"wp-block-column is-layout-flow wp-block-column-is-layout-flow\">\n<div class=\"wp-block-jetpack-slideshow aligncenter\" data-effect=\"slide\"><div class=\"wp-block-jetpack-slideshow_container swiper-container\"><ul class=\"wp-block-jetpack-slideshow_swiper-wrapper swiper-wrapper\"><li class=\"wp-block-jetpack-slideshow_slide swiper-slide\"><figure><img loading=\"lazy\" decoding=\"async\" width=\"1024\" height=\"683\" alt=\"\" class=\"wp-block-jetpack-slideshow_image wp-image-1181\" data-id=\"1181\" src=\"https:\/\/vitrail-beaubreuil.fr\/wp-content\/uploads\/2020\/12\/5-4-1024x683.jpg\" srcset=\"https:\/\/vitrail-beaubreuil.fr\/wp-content\/uploads\/2020\/12\/5-4-1024x683.jpg 1024w, https:\/\/vitrail-beaubreuil.fr\/wp-content\/uploads\/2020\/12\/5-4-300x200.jpg 300w, https:\/\/vitrail-beaubreuil.fr\/wp-content\/uploads\/2020\/12\/5-4-768x512.jpg 768w, https:\/\/vitrail-beaubreuil.fr\/wp-content\/uploads\/2020\/12\/5-4-1536x1024.jpg 1536w, https:\/\/vitrail-beaubreuil.fr\/wp-content\/uploads\/2020\/12\/5-4-2048x1365.jpg 2048w\" sizes=\"auto, (max-width: 1024px) 100vw, 1024px\" \/><\/figure><\/li><li class=\"wp-block-jetpack-slideshow_slide swiper-slide\"><figure><img loading=\"lazy\" decoding=\"async\" width=\"768\" height=\"1024\" alt=\"\" class=\"wp-block-jetpack-slideshow_image wp-image-1171\" data-id=\"1171\" src=\"https:\/\/vitrail-beaubreuil.fr\/wp-content\/uploads\/2020\/12\/4-5-768x1024.jpg\" srcset=\"https:\/\/vitrail-beaubreuil.fr\/wp-content\/uploads\/2020\/12\/4-5-768x1024.jpg 768w, https:\/\/vitrail-beaubreuil.fr\/wp-content\/uploads\/2020\/12\/4-5-225x300.jpg 225w, https:\/\/vitrail-beaubreuil.fr\/wp-content\/uploads\/2020\/12\/4-5-1152x1536.jpg 1152w, https:\/\/vitrail-beaubreuil.fr\/wp-content\/uploads\/2020\/12\/4-5-1536x2048.jpg 1536w, https:\/\/vitrail-beaubreuil.fr\/wp-content\/uploads\/2020\/12\/4-5-scaled.jpg 1920w\" sizes=\"auto, (max-width: 768px) 100vw, 768px\" \/><\/figure><\/li><li class=\"wp-block-jetpack-slideshow_slide swiper-slide\"><figure><img loading=\"lazy\" decoding=\"async\" width=\"768\" height=\"1024\" alt=\"\" class=\"wp-block-jetpack-slideshow_image wp-image-1169\" data-id=\"1169\" src=\"https:\/\/vitrail-beaubreuil.fr\/wp-content\/uploads\/2020\/12\/3-7-768x1024.jpg\" srcset=\"https:\/\/vitrail-beaubreuil.fr\/wp-content\/uploads\/2020\/12\/3-7-768x1024.jpg 768w, https:\/\/vitrail-beaubreuil.fr\/wp-content\/uploads\/2020\/12\/3-7-225x300.jpg 225w, https:\/\/vitrail-beaubreuil.fr\/wp-content\/uploads\/2020\/12\/3-7-1152x1536.jpg 1152w, https:\/\/vitrail-beaubreuil.fr\/wp-content\/uploads\/2020\/12\/3-7-1536x2048.jpg 1536w, https:\/\/vitrail-beaubreuil.fr\/wp-content\/uploads\/2020\/12\/3-7-scaled.jpg 1920w\" sizes=\"auto, (max-width: 768px) 100vw, 768px\" \/><\/figure><\/li><li class=\"wp-block-jetpack-slideshow_slide swiper-slide\"><figure><img loading=\"lazy\" decoding=\"async\" width=\"683\" height=\"1024\" alt=\"\" class=\"wp-block-jetpack-slideshow_image wp-image-1165\" data-id=\"1165\" src=\"https:\/\/vitrail-beaubreuil.fr\/wp-content\/uploads\/2020\/12\/1-6-683x1024.jpg\" srcset=\"https:\/\/vitrail-beaubreuil.fr\/wp-content\/uploads\/2020\/12\/1-6-683x1024.jpg 683w, https:\/\/vitrail-beaubreuil.fr\/wp-content\/uploads\/2020\/12\/1-6-200x300.jpg 200w, https:\/\/vitrail-beaubreuil.fr\/wp-content\/uploads\/2020\/12\/1-6-768x1152.jpg 768w, https:\/\/vitrail-beaubreuil.fr\/wp-content\/uploads\/2020\/12\/1-6-1024x1536.jpg 1024w, https:\/\/vitrail-beaubreuil.fr\/wp-content\/uploads\/2020\/12\/1-6-1365x2048.jpg 1365w, https:\/\/vitrail-beaubreuil.fr\/wp-content\/uploads\/2020\/12\/1-6-scaled.jpg 1707w\" sizes=\"auto, (max-width: 683px) 100vw, 683px\" \/><\/figure><\/li><li class=\"wp-block-jetpack-slideshow_slide swiper-slide\"><figure><img loading=\"lazy\" decoding=\"async\" width=\"768\" height=\"1024\" alt=\"Protection grillag\u00e9e ext\u00e9rieure\" class=\"wp-block-jetpack-slideshow_image wp-image-1167\" data-id=\"1167\" src=\"https:\/\/vitrail-beaubreuil.fr\/wp-content\/uploads\/2020\/12\/2-5-768x1024.jpg\" srcset=\"https:\/\/vitrail-beaubreuil.fr\/wp-content\/uploads\/2020\/12\/2-5-768x1024.jpg 768w, https:\/\/vitrail-beaubreuil.fr\/wp-content\/uploads\/2020\/12\/2-5-225x300.jpg 225w, https:\/\/vitrail-beaubreuil.fr\/wp-content\/uploads\/2020\/12\/2-5-1152x1536.jpg 1152w, https:\/\/vitrail-beaubreuil.fr\/wp-content\/uploads\/2020\/12\/2-5-1536x2048.jpg 1536w, https:\/\/vitrail-beaubreuil.fr\/wp-content\/uploads\/2020\/12\/2-5-scaled.jpg 1920w\" sizes=\"auto, (max-width: 768px) 100vw, 768px\" \/><\/figure><\/li><\/ul><a class=\"wp-block-jetpack-slideshow_button-prev swiper-button-prev swiper-button-white\" role=\"button\"><\/a><a class=\"wp-block-jetpack-slideshow_button-next swiper-button-next swiper-button-white\" role=\"button\"><\/a><a aria-label=\"Pause Slideshow\" class=\"wp-block-jetpack-slideshow_button-pause\" role=\"button\"><\/a><div class=\"wp-block-jetpack-slideshow_pagination swiper-pagination swiper-pagination-white\"><\/div><\/div><\/div>\n<\/div>\n\n\n\n<div class=\"wp-block-column is-layout-flow wp-block-column-is-layout-flow\">\n<p class=\"has-text-align-center\">Chantier NOM \u00e0 VILLE &#8211; Ann\u00e9e<\/p>\n<\/div>\n<\/div>\n\n\n\n<p><\/p>\n","protected":false},"excerpt":{"rendered":"<p>Chantier NOM \u00e0 VILLE &#8211; Ann\u00e9e<\/p>\n","protected":false},"author":1,"featured_media":586,"parent":0,"menu_order":0,"comment_status":"closed","ping_status":"closed","template":"","meta":{"footnotes":""},"class_list":["post-1163","page","type-page","status-publish","has-post-thumbnail","hentry"],"yoast_head":"<!-- This site is optimized with the Yoast SEO plugin v27.4 - https:\/\/yoast.com\/product\/yoast-seo-wordpress\/ -->\n<title>Protection grillag\u00e9e ext\u00e9rieure - Atelier de vitrail - Christian BEAUBREUIL<\/title>\n<meta name=\"robots\" content=\"index, follow, max-snippet:-1, max-image-preview:large, max-video-preview:-1\" \/>\n<link rel=\"canonical\" href=\"https:\/\/vitrail-beaubreuil.fr\/index.php\/protection-grillagee-exterieure\/\" \/>\n<meta property=\"og:locale\" content=\"fr_FR\" \/>\n<meta property=\"og:type\" content=\"article\" \/>\n<meta property=\"og:title\" content=\"Protection grillag\u00e9e ext\u00e9rieure - Atelier de vitrail - Christian BEAUBREUIL\" \/>\n<meta property=\"og:description\" content=\"Chantier NOM \u00e0 VILLE &#8211; Ann\u00e9e\" \/>\n<meta property=\"og:url\" content=\"https:\/\/vitrail-beaubreuil.fr\/index.php\/protection-grillagee-exterieure\/\" \/>\n<meta property=\"og:site_name\" content=\"Atelier de vitrail - Christian BEAUBREUIL\" \/>\n<meta property=\"article:modified_time\" content=\"2020-12-31T15:21:44+00:00\" \/>\n<meta property=\"og:image\" content=\"https:\/\/vitrail-beaubreuil.fr\/wp-content\/uploads\/2020\/12\/3-5-scaled.jpg\" \/>\n\t<meta property=\"og:image:width\" content=\"1920\" \/>\n\t<meta property=\"og:image:height\" content=\"2560\" \/>\n\t<meta property=\"og:image:type\" content=\"image\/jpeg\" \/>\n<meta name=\"twitter:card\" content=\"summary_large_image\" \/>\n<script type=\"application\/ld+json\" class=\"yoast-schema-graph\">{\"@context\":\"https:\\\/\\\/schema.org\",\"@graph\":[{\"@type\":\"WebPage\",\"@id\":\"https:\\\/\\\/vitrail-beaubreuil.fr\\\/index.php\\\/protection-grillagee-exterieure\\\/\",\"url\":\"https:\\\/\\\/vitrail-beaubreuil.fr\\\/index.php\\\/protection-grillagee-exterieure\\\/\",\"name\":\"Protection grillag\u00e9e ext\u00e9rieure - Atelier de vitrail - Christian BEAUBREUIL\",\"isPartOf\":{\"@id\":\"https:\\\/\\\/vitrail-beaubreuil.fr\\\/#website\"},\"primaryImageOfPage\":{\"@id\":\"https:\\\/\\\/vitrail-beaubreuil.fr\\\/index.php\\\/protection-grillagee-exterieure\\\/#primaryimage\"},\"image\":{\"@id\":\"https:\\\/\\\/vitrail-beaubreuil.fr\\\/index.php\\\/protection-grillagee-exterieure\\\/#primaryimage\"},\"thumbnailUrl\":\"https:\\\/\\\/vitrail-beaubreuil.fr\\\/wp-content\\\/uploads\\\/2020\\\/12\\\/3-5-scaled.jpg\",\"datePublished\":\"2020-12-31T14:59:44+00:00\",\"dateModified\":\"2020-12-31T15:21:44+00:00\",\"breadcrumb\":{\"@id\":\"https:\\\/\\\/vitrail-beaubreuil.fr\\\/index.php\\\/protection-grillagee-exterieure\\\/#breadcrumb\"},\"inLanguage\":\"fr-FR\",\"potentialAction\":[{\"@type\":\"ReadAction\",\"target\":[\"https:\\\/\\\/vitrail-beaubreuil.fr\\\/index.php\\\/protection-grillagee-exterieure\\\/\"]}]},{\"@type\":\"ImageObject\",\"inLanguage\":\"fr-FR\",\"@id\":\"https:\\\/\\\/vitrail-beaubreuil.fr\\\/index.php\\\/protection-grillagee-exterieure\\\/#primaryimage\",\"url\":\"https:\\\/\\\/vitrail-beaubreuil.fr\\\/wp-content\\\/uploads\\\/2020\\\/12\\\/3-5-scaled.jpg\",\"contentUrl\":\"https:\\\/\\\/vitrail-beaubreuil.fr\\\/wp-content\\\/uploads\\\/2020\\\/12\\\/3-5-scaled.jpg\",\"width\":1920,\"height\":2560,\"caption\":\"protection grillag\u00e9e\"},{\"@type\":\"BreadcrumbList\",\"@id\":\"https:\\\/\\\/vitrail-beaubreuil.fr\\\/index.php\\\/protection-grillagee-exterieure\\\/#breadcrumb\",\"itemListElement\":[{\"@type\":\"ListItem\",\"position\":1,\"name\":\"Home\",\"item\":\"https:\\\/\\\/vitrail-beaubreuil.fr\\\/\"},{\"@type\":\"ListItem\",\"position\":2,\"name\":\"Protection grillag\u00e9e ext\u00e9rieure\"}]},{\"@type\":\"WebSite\",\"@id\":\"https:\\\/\\\/vitrail-beaubreuil.fr\\\/#website\",\"url\":\"https:\\\/\\\/vitrail-beaubreuil.fr\\\/\",\"name\":\"Atelier de vitrail - Christian BEAUBREUIL\",\"description\":\"Vitrailliste Pays de la Loire\",\"publisher\":{\"@id\":\"https:\\\/\\\/vitrail-beaubreuil.fr\\\/#organization\"},\"potentialAction\":[{\"@type\":\"SearchAction\",\"target\":{\"@type\":\"EntryPoint\",\"urlTemplate\":\"https:\\\/\\\/vitrail-beaubreuil.fr\\\/?s={search_term_string}\"},\"query-input\":{\"@type\":\"PropertyValueSpecification\",\"valueRequired\":true,\"valueName\":\"search_term_string\"}}],\"inLanguage\":\"fr-FR\"},{\"@type\":\"Organization\",\"@id\":\"https:\\\/\\\/vitrail-beaubreuil.fr\\\/#organization\",\"name\":\"Atelier de vitrail - Christian BEAUBREUIL\",\"url\":\"https:\\\/\\\/vitrail-beaubreuil.fr\\\/\",\"logo\":{\"@type\":\"ImageObject\",\"inLanguage\":\"fr-FR\",\"@id\":\"https:\\\/\\\/vitrail-beaubreuil.fr\\\/#\\\/schema\\\/logo\\\/image\\\/\",\"url\":\"https:\\\/\\\/vitrail-beaubreuil.fr\\\/wp-content\\\/uploads\\\/2023\\\/09\\\/Logo-Beaubreuil.png\",\"contentUrl\":\"https:\\\/\\\/vitrail-beaubreuil.fr\\\/wp-content\\\/uploads\\\/2023\\\/09\\\/Logo-Beaubreuil.png\",\"width\":1280,\"height\":640,\"caption\":\"Atelier de vitrail - Christian BEAUBREUIL\"},\"image\":{\"@id\":\"https:\\\/\\\/vitrail-beaubreuil.fr\\\/#\\\/schema\\\/logo\\\/image\\\/\"}}]}<\/script>\n<!-- \/ Yoast SEO plugin. -->","yoast_head_json":{"title":"Protection grillag\u00e9e ext\u00e9rieure - Atelier de vitrail - Christian BEAUBREUIL","robots":{"index":"index","follow":"follow","max-snippet":"max-snippet:-1","max-image-preview":"max-image-preview:large","max-video-preview":"max-video-preview:-1"},"canonical":"https:\/\/vitrail-beaubreuil.fr\/index.php\/protection-grillagee-exterieure\/","og_locale":"fr_FR","og_type":"article","og_title":"Protection grillag\u00e9e ext\u00e9rieure - Atelier de vitrail - Christian BEAUBREUIL","og_description":"Chantier NOM \u00e0 VILLE &#8211; Ann\u00e9e","og_url":"https:\/\/vitrail-beaubreuil.fr\/index.php\/protection-grillagee-exterieure\/","og_site_name":"Atelier de vitrail - Christian BEAUBREUIL","article_modified_time":"2020-12-31T15:21:44+00:00","og_image":[{"width":1920,"height":2560,"url":"https:\/\/vitrail-beaubreuil.fr\/wp-content\/uploads\/2020\/12\/3-5-scaled.jpg","type":"image\/jpeg"}],"twitter_card":"summary_large_image","schema":{"@context":"https:\/\/schema.org","@graph":[{"@type":"WebPage","@id":"https:\/\/vitrail-beaubreuil.fr\/index.php\/protection-grillagee-exterieure\/","url":"https:\/\/vitrail-beaubreuil.fr\/index.php\/protection-grillagee-exterieure\/","name":"Protection grillag\u00e9e ext\u00e9rieure - Atelier de vitrail - Christian BEAUBREUIL","isPartOf":{"@id":"https:\/\/vitrail-beaubreuil.fr\/#website"},"primaryImageOfPage":{"@id":"https:\/\/vitrail-beaubreuil.fr\/index.php\/protection-grillagee-exterieure\/#primaryimage"},"image":{"@id":"https:\/\/vitrail-beaubreuil.fr\/index.php\/protection-grillagee-exterieure\/#primaryimage"},"thumbnailUrl":"https:\/\/vitrail-beaubreuil.fr\/wp-content\/uploads\/2020\/12\/3-5-scaled.jpg","datePublished":"2020-12-31T14:59:44+00:00","dateModified":"2020-12-31T15:21:44+00:00","breadcrumb":{"@id":"https:\/\/vitrail-beaubreuil.fr\/index.php\/protection-grillagee-exterieure\/#breadcrumb"},"inLanguage":"fr-FR","potentialAction":[{"@type":"ReadAction","target":["https:\/\/vitrail-beaubreuil.fr\/index.php\/protection-grillagee-exterieure\/"]}]},{"@type":"ImageObject","inLanguage":"fr-FR","@id":"https:\/\/vitrail-beaubreuil.fr\/index.php\/protection-grillagee-exterieure\/#primaryimage","url":"https:\/\/vitrail-beaubreuil.fr\/wp-content\/uploads\/2020\/12\/3-5-scaled.jpg","contentUrl":"https:\/\/vitrail-beaubreuil.fr\/wp-content\/uploads\/2020\/12\/3-5-scaled.jpg","width":1920,"height":2560,"caption":"protection grillag\u00e9e"},{"@type":"BreadcrumbList","@id":"https:\/\/vitrail-beaubreuil.fr\/index.php\/protection-grillagee-exterieure\/#breadcrumb","itemListElement":[{"@type":"ListItem","position":1,"name":"Home","item":"https:\/\/vitrail-beaubreuil.fr\/"},{"@type":"ListItem","position":2,"name":"Protection grillag\u00e9e ext\u00e9rieure"}]},{"@type":"WebSite","@id":"https:\/\/vitrail-beaubreuil.fr\/#website","url":"https:\/\/vitrail-beaubreuil.fr\/","name":"Atelier de vitrail - Christian BEAUBREUIL","description":"Vitrailliste Pays de la Loire","publisher":{"@id":"https:\/\/vitrail-beaubreuil.fr\/#organization"},"potentialAction":[{"@type":"SearchAction","target":{"@type":"EntryPoint","urlTemplate":"https:\/\/vitrail-beaubreuil.fr\/?s={search_term_string}"},"query-input":{"@type":"PropertyValueSpecification","valueRequired":true,"valueName":"search_term_string"}}],"inLanguage":"fr-FR"},{"@type":"Organization","@id":"https:\/\/vitrail-beaubreuil.fr\/#organization","name":"Atelier de vitrail - Christian BEAUBREUIL","url":"https:\/\/vitrail-beaubreuil.fr\/","logo":{"@type":"ImageObject","inLanguage":"fr-FR","@id":"https:\/\/vitrail-beaubreuil.fr\/#\/schema\/logo\/image\/","url":"https:\/\/vitrail-beaubreuil.fr\/wp-content\/uploads\/2023\/09\/Logo-Beaubreuil.png","contentUrl":"https:\/\/vitrail-beaubreuil.fr\/wp-content\/uploads\/2023\/09\/Logo-Beaubreuil.png","width":1280,"height":640,"caption":"Atelier de vitrail - Christian BEAUBREUIL"},"image":{"@id":"https:\/\/vitrail-beaubreuil.fr\/#\/schema\/logo\/image\/"}}]}},"_links":{"self":[{"href":"https:\/\/vitrail-beaubreuil.fr\/index.php\/wp-json\/wp\/v2\/pages\/1163","targetHints":{"allow":["GET"]}}],"collection":[{"href":"https:\/\/vitrail-beaubreuil.fr\/index.php\/wp-json\/wp\/v2\/pages"}],"about":[{"href":"https:\/\/vitrail-beaubreuil.fr\/index.php\/wp-json\/wp\/v2\/types\/page"}],"author":[{"embeddable":true,"href":"https:\/\/vitrail-beaubreuil.fr\/index.php\/wp-json\/wp\/v2\/users\/1"}],"replies":[{"embeddable":true,"href":"https:\/\/vitrail-beaubreuil.fr\/index.php\/wp-json\/wp\/v2\/comments?post=1163"}],"version-history":[{"count":4,"href":"https:\/\/vitrail-beaubreuil.fr\/index.php\/wp-json\/wp\/v2\/pages\/1163\/revisions"}],"predecessor-version":[{"id":1185,"href":"https:\/\/vitrail-beaubreuil.fr\/index.php\/wp-json\/wp\/v2\/pages\/1163\/revisions\/1185"}],"wp:featuredmedia":[{"embeddable":true,"href":"https:\/\/vitrail-beaubreuil.fr\/index.php\/wp-json\/wp\/v2\/media\/586"}],"wp:attachment":[{"href":"https:\/\/vitrail-beaubreuil.fr\/index.php\/wp-json\/wp\/v2\/media?parent=1163"}],"curies":[{"name":"wp","href":"https:\/\/api.w.org\/{rel}","templated":true}]}}