{"id":1197,"date":"2020-12-31T15:27:48","date_gmt":"2020-12-31T15:27:48","guid":{"rendered":"https:\/\/vitrail-beaubreuil.fr\/?page_id=1197"},"modified":"2021-01-26T17:28:36","modified_gmt":"2021-01-26T17:28:36","slug":"creation-vitrail","status":"publish","type":"page","link":"https:\/\/vitrail-beaubreuil.fr\/index.php\/realisations-vitrail\/creation-vitrail\/","title":{"rendered":"Cr\u00e9ation de vitraux"},"content":{"rendered":"\n<div class=\"wp-block-columns is-layout-flex wp-container-core-columns-is-layout-9d6595d7 wp-block-columns-is-layout-flex\">\n<div class=\"wp-block-column is-layout-flow wp-block-column-is-layout-flow\">\n<div class=\"wp-block-jetpack-slideshow aligncenter\" data-effect=\"slide\"><div class=\"wp-block-jetpack-slideshow_container swiper-container\"><ul class=\"wp-block-jetpack-slideshow_swiper-wrapper swiper-wrapper\"><li class=\"wp-block-jetpack-slideshow_slide swiper-slide\"><figure><img loading=\"lazy\" decoding=\"async\" width=\"768\" height=\"1024\" alt=\"\" class=\"wp-block-jetpack-slideshow_image wp-image-1666\" data-id=\"1666\" src=\"https:\/\/vitrail-beaubreuil.fr\/wp-content\/uploads\/2021\/01\/IMG_20200612_122430-cp-1-768x1024.jpg\" srcset=\"https:\/\/vitrail-beaubreuil.fr\/wp-content\/uploads\/2021\/01\/IMG_20200612_122430-cp-1-768x1024.jpg 768w, https:\/\/vitrail-beaubreuil.fr\/wp-content\/uploads\/2021\/01\/IMG_20200612_122430-cp-1-225x300.jpg 225w, https:\/\/vitrail-beaubreuil.fr\/wp-content\/uploads\/2021\/01\/IMG_20200612_122430-cp-1-1152x1536.jpg 1152w, https:\/\/vitrail-beaubreuil.fr\/wp-content\/uploads\/2021\/01\/IMG_20200612_122430-cp-1-1536x2048.jpg 1536w, https:\/\/vitrail-beaubreuil.fr\/wp-content\/uploads\/2021\/01\/IMG_20200612_122430-cp-1-scaled.jpg 1920w\" sizes=\"auto, (max-width: 768px) 100vw, 768px\" \/><figcaption class=\"wp-block-jetpack-slideshow_caption gallery-caption\">@Soyouz Films<\/figcaption><\/figure><\/li><li class=\"wp-block-jetpack-slideshow_slide swiper-slide\"><figure><img loading=\"lazy\" decoding=\"async\" width=\"768\" height=\"1024\" alt=\"\" class=\"wp-block-jetpack-slideshow_image wp-image-1667\" data-id=\"1667\" src=\"https:\/\/vitrail-beaubreuil.fr\/wp-content\/uploads\/2021\/01\/IMG_20200612_222127-cp-1-768x1024.jpg\" srcset=\"https:\/\/vitrail-beaubreuil.fr\/wp-content\/uploads\/2021\/01\/IMG_20200612_222127-cp-1-768x1024.jpg 768w, https:\/\/vitrail-beaubreuil.fr\/wp-content\/uploads\/2021\/01\/IMG_20200612_222127-cp-1-225x300.jpg 225w, https:\/\/vitrail-beaubreuil.fr\/wp-content\/uploads\/2021\/01\/IMG_20200612_222127-cp-1-1152x1536.jpg 1152w, https:\/\/vitrail-beaubreuil.fr\/wp-content\/uploads\/2021\/01\/IMG_20200612_222127-cp-1-1536x2048.jpg 1536w, https:\/\/vitrail-beaubreuil.fr\/wp-content\/uploads\/2021\/01\/IMG_20200612_222127-cp-1-scaled.jpg 1920w\" sizes=\"auto, (max-width: 768px) 100vw, 768px\" \/><figcaption class=\"wp-block-jetpack-slideshow_caption gallery-caption\">@Soyouz Films<\/figcaption><\/figure><\/li><li class=\"wp-block-jetpack-slideshow_slide swiper-slide\"><figure><img loading=\"lazy\" decoding=\"async\" width=\"768\" height=\"1024\" alt=\"\" class=\"wp-block-jetpack-slideshow_image wp-image-1668\" data-id=\"1668\" src=\"https:\/\/vitrail-beaubreuil.fr\/wp-content\/uploads\/2021\/01\/IMG_20200615_221742-cp-1-768x1024.jpg\" srcset=\"https:\/\/vitrail-beaubreuil.fr\/wp-content\/uploads\/2021\/01\/IMG_20200615_221742-cp-1-768x1024.jpg 768w, https:\/\/vitrail-beaubreuil.fr\/wp-content\/uploads\/2021\/01\/IMG_20200615_221742-cp-1-225x300.jpg 225w, https:\/\/vitrail-beaubreuil.fr\/wp-content\/uploads\/2021\/01\/IMG_20200615_221742-cp-1-1152x1536.jpg 1152w, https:\/\/vitrail-beaubreuil.fr\/wp-content\/uploads\/2021\/01\/IMG_20200615_221742-cp-1-1536x2048.jpg 1536w, https:\/\/vitrail-beaubreuil.fr\/wp-content\/uploads\/2021\/01\/IMG_20200615_221742-cp-1-scaled.jpg 1920w\" sizes=\"auto, (max-width: 768px) 100vw, 768px\" \/><figcaption class=\"wp-block-jetpack-slideshow_caption gallery-caption\">@Soyouz Films<\/figcaption><\/figure><\/li><li class=\"wp-block-jetpack-slideshow_slide swiper-slide\"><figure><img loading=\"lazy\" decoding=\"async\" width=\"768\" height=\"1024\" alt=\"\" class=\"wp-block-jetpack-slideshow_image wp-image-1669\" data-id=\"1669\" src=\"https:\/\/vitrail-beaubreuil.fr\/wp-content\/uploads\/2021\/01\/IMG_20200616_210809-cp-2-768x1024.jpg\" srcset=\"https:\/\/vitrail-beaubreuil.fr\/wp-content\/uploads\/2021\/01\/IMG_20200616_210809-cp-2-768x1024.jpg 768w, https:\/\/vitrail-beaubreuil.fr\/wp-content\/uploads\/2021\/01\/IMG_20200616_210809-cp-2-225x300.jpg 225w, https:\/\/vitrail-beaubreuil.fr\/wp-content\/uploads\/2021\/01\/IMG_20200616_210809-cp-2-1152x1536.jpg 1152w, https:\/\/vitrail-beaubreuil.fr\/wp-content\/uploads\/2021\/01\/IMG_20200616_210809-cp-2-1536x2048.jpg 1536w, https:\/\/vitrail-beaubreuil.fr\/wp-content\/uploads\/2021\/01\/IMG_20200616_210809-cp-2-scaled.jpg 1920w\" sizes=\"auto, (max-width: 768px) 100vw, 768px\" \/><figcaption class=\"wp-block-jetpack-slideshow_caption gallery-caption\">@Soyouz Films<\/figcaption><\/figure><\/li><li class=\"wp-block-jetpack-slideshow_slide swiper-slide\"><figure><img loading=\"lazy\" decoding=\"async\" width=\"768\" height=\"1024\" alt=\"\" class=\"wp-block-jetpack-slideshow_image wp-image-1670\" data-id=\"1670\" src=\"https:\/\/vitrail-beaubreuil.fr\/wp-content\/uploads\/2021\/01\/IMG_20200622_173707cp-1-768x1024.jpg\" srcset=\"https:\/\/vitrail-beaubreuil.fr\/wp-content\/uploads\/2021\/01\/IMG_20200622_173707cp-1-768x1024.jpg 768w, https:\/\/vitrail-beaubreuil.fr\/wp-content\/uploads\/2021\/01\/IMG_20200622_173707cp-1-225x300.jpg 225w, https:\/\/vitrail-beaubreuil.fr\/wp-content\/uploads\/2021\/01\/IMG_20200622_173707cp-1-1152x1536.jpg 1152w, https:\/\/vitrail-beaubreuil.fr\/wp-content\/uploads\/2021\/01\/IMG_20200622_173707cp-1-1536x2048.jpg 1536w, https:\/\/vitrail-beaubreuil.fr\/wp-content\/uploads\/2021\/01\/IMG_20200622_173707cp-1-scaled.jpg 1920w\" sizes=\"auto, (max-width: 768px) 100vw, 768px\" \/><figcaption class=\"wp-block-jetpack-slideshow_caption gallery-caption\">@Soyouz Films<\/figcaption><\/figure><\/li><\/ul><a class=\"wp-block-jetpack-slideshow_button-prev swiper-button-prev swiper-button-white\" role=\"button\"><\/a><a class=\"wp-block-jetpack-slideshow_button-next swiper-button-next swiper-button-white\" role=\"button\"><\/a><a aria-label=\"Pause Slideshow\" class=\"wp-block-jetpack-slideshow_button-pause\" role=\"button\"><\/a><div class=\"wp-block-jetpack-slideshow_pagination swiper-pagination swiper-pagination-white\"><\/div><\/div><\/div>\n<\/div>\n\n\n\n<div class=\"wp-block-column is-vertically-aligned-center is-layout-flow wp-block-column-is-layout-flow\">\n<p>Vitrail pour Soyouz Films<\/p>\n<\/div>\n<\/div>\n\n\n\n<div class=\"wp-block-columns is-layout-flex wp-container-core-columns-is-layout-9d6595d7 wp-block-columns-is-layout-flex\">\n<div class=\"wp-block-column is-layout-flow wp-block-column-is-layout-flow\">\n<div class=\"wp-block-jetpack-slideshow aligncenter\" data-effect=\"slide\"><div class=\"wp-block-jetpack-slideshow_container swiper-container\"><ul class=\"wp-block-jetpack-slideshow_swiper-wrapper swiper-wrapper\"><li class=\"wp-block-jetpack-slideshow_slide swiper-slide\"><figure><img loading=\"lazy\" decoding=\"async\" width=\"683\" height=\"1024\" alt=\"\" class=\"wp-block-jetpack-slideshow_image wp-image-462\" data-id=\"462\" src=\"https:\/\/vitrail-beaubreuil.fr\/wp-content\/uploads\/2020\/12\/DSC_1044-683x1024.jpg\" srcset=\"https:\/\/vitrail-beaubreuil.fr\/wp-content\/uploads\/2020\/12\/DSC_1044-683x1024.jpg 683w, https:\/\/vitrail-beaubreuil.fr\/wp-content\/uploads\/2020\/12\/DSC_1044-200x300.jpg 200w, https:\/\/vitrail-beaubreuil.fr\/wp-content\/uploads\/2020\/12\/DSC_1044-768x1152.jpg 768w, https:\/\/vitrail-beaubreuil.fr\/wp-content\/uploads\/2020\/12\/DSC_1044-1024x1536.jpg 1024w, https:\/\/vitrail-beaubreuil.fr\/wp-content\/uploads\/2020\/12\/DSC_1044-1365x2048.jpg 1365w, https:\/\/vitrail-beaubreuil.fr\/wp-content\/uploads\/2020\/12\/DSC_1044-scaled.jpg 1707w\" sizes=\"auto, (max-width: 683px) 100vw, 683px\" \/><\/figure><\/li><\/ul><a class=\"wp-block-jetpack-slideshow_button-prev swiper-button-prev swiper-button-white\" role=\"button\"><\/a><a class=\"wp-block-jetpack-slideshow_button-next swiper-button-next swiper-button-white\" role=\"button\"><\/a><a aria-label=\"Pause Slideshow\" class=\"wp-block-jetpack-slideshow_button-pause\" role=\"button\"><\/a><div class=\"wp-block-jetpack-slideshow_pagination swiper-pagination swiper-pagination-white\"><\/div><\/div><\/div>\n<\/div>\n\n\n\n<div class=\"wp-block-column is-vertically-aligned-center is-layout-flow wp-block-column-is-layout-flow\">\n<p>Ann\u00e9e &#8211; Chantier \u00e0 Ville (dept)<\/p>\n<\/div>\n<\/div>\n\n\n\n<div class=\"wp-block-columns is-layout-flex wp-container-core-columns-is-layout-9d6595d7 wp-block-columns-is-layout-flex\">\n<div class=\"wp-block-column is-layout-flow wp-block-column-is-layout-flow\">\n<div class=\"wp-block-jetpack-slideshow aligncenter\" data-effect=\"slide\"><div class=\"wp-block-jetpack-slideshow_container swiper-container\"><ul class=\"wp-block-jetpack-slideshow_swiper-wrapper swiper-wrapper\"><li class=\"wp-block-jetpack-slideshow_slide swiper-slide\"><figure><img loading=\"lazy\" decoding=\"async\" width=\"1024\" height=\"291\" alt=\"\" class=\"wp-block-jetpack-slideshow_image wp-image-464\" data-id=\"464\" src=\"https:\/\/vitrail-beaubreuil.fr\/wp-content\/uploads\/2020\/12\/5-1024x291.jpg\" srcset=\"https:\/\/vitrail-beaubreuil.fr\/wp-content\/uploads\/2020\/12\/5-1024x291.jpg 1024w, https:\/\/vitrail-beaubreuil.fr\/wp-content\/uploads\/2020\/12\/5-300x85.jpg 300w, https:\/\/vitrail-beaubreuil.fr\/wp-content\/uploads\/2020\/12\/5-768x218.jpg 768w, https:\/\/vitrail-beaubreuil.fr\/wp-content\/uploads\/2020\/12\/5-1536x437.jpg 1536w, https:\/\/vitrail-beaubreuil.fr\/wp-content\/uploads\/2020\/12\/5-2048x582.jpg 2048w\" sizes=\"auto, (max-width: 1024px) 100vw, 1024px\" \/><\/figure><\/li><\/ul><a class=\"wp-block-jetpack-slideshow_button-prev swiper-button-prev swiper-button-white\" role=\"button\"><\/a><a class=\"wp-block-jetpack-slideshow_button-next swiper-button-next swiper-button-white\" role=\"button\"><\/a><a aria-label=\"Pause Slideshow\" class=\"wp-block-jetpack-slideshow_button-pause\" role=\"button\"><\/a><div class=\"wp-block-jetpack-slideshow_pagination swiper-pagination swiper-pagination-white\"><\/div><\/div><\/div>\n<\/div>\n\n\n\n<div class=\"wp-block-column is-vertically-aligned-center is-layout-flow wp-block-column-is-layout-flow\">\n<p>Ann\u00e9e &#8211; Chantier \u00e0 Ville (dept)<\/p>\n<\/div>\n<\/div>\n\n\n\n<div class=\"wp-block-columns is-layout-flex wp-container-core-columns-is-layout-9d6595d7 wp-block-columns-is-layout-flex\">\n<div class=\"wp-block-column is-layout-flow wp-block-column-is-layout-flow\">\n<div class=\"wp-block-jetpack-slideshow aligncenter\" data-effect=\"slide\"><div class=\"wp-block-jetpack-slideshow_container swiper-container\"><ul class=\"wp-block-jetpack-slideshow_swiper-wrapper swiper-wrapper\"><li class=\"wp-block-jetpack-slideshow_slide swiper-slide\"><figure><img loading=\"lazy\" decoding=\"async\" width=\"765\" height=\"1024\" alt=\"\" class=\"wp-block-jetpack-slideshow_image wp-image-463\" data-id=\"463\" src=\"https:\/\/vitrail-beaubreuil.fr\/wp-content\/uploads\/2020\/12\/4-765x1024.jpg\" srcset=\"https:\/\/vitrail-beaubreuil.fr\/wp-content\/uploads\/2020\/12\/4-765x1024.jpg 765w, https:\/\/vitrail-beaubreuil.fr\/wp-content\/uploads\/2020\/12\/4-224x300.jpg 224w, https:\/\/vitrail-beaubreuil.fr\/wp-content\/uploads\/2020\/12\/4-768x1028.jpg 768w, https:\/\/vitrail-beaubreuil.fr\/wp-content\/uploads\/2020\/12\/4-1147x1536.jpg 1147w, https:\/\/vitrail-beaubreuil.fr\/wp-content\/uploads\/2020\/12\/4-1530x2048.jpg 1530w, https:\/\/vitrail-beaubreuil.fr\/wp-content\/uploads\/2020\/12\/4-scaled.jpg 1912w\" sizes=\"auto, (max-width: 765px) 100vw, 765px\" \/><\/figure><\/li><li class=\"wp-block-jetpack-slideshow_slide swiper-slide\"><figure><img loading=\"lazy\" decoding=\"async\" width=\"768\" height=\"1024\" alt=\"\" class=\"wp-block-jetpack-slideshow_image wp-image-1658\" data-id=\"1658\" src=\"https:\/\/vitrail-beaubreuil.fr\/wp-content\/uploads\/2021\/01\/IMG_20200612_122430-cp-768x1024.jpg\" srcset=\"https:\/\/vitrail-beaubreuil.fr\/wp-content\/uploads\/2021\/01\/IMG_20200612_122430-cp-768x1024.jpg 768w, https:\/\/vitrail-beaubreuil.fr\/wp-content\/uploads\/2021\/01\/IMG_20200612_122430-cp-225x300.jpg 225w, https:\/\/vitrail-beaubreuil.fr\/wp-content\/uploads\/2021\/01\/IMG_20200612_122430-cp-1152x1536.jpg 1152w, https:\/\/vitrail-beaubreuil.fr\/wp-content\/uploads\/2021\/01\/IMG_20200612_122430-cp-1536x2048.jpg 1536w, https:\/\/vitrail-beaubreuil.fr\/wp-content\/uploads\/2021\/01\/IMG_20200612_122430-cp-scaled.jpg 1920w\" sizes=\"auto, (max-width: 768px) 100vw, 768px\" \/><\/figure><\/li><li class=\"wp-block-jetpack-slideshow_slide swiper-slide\"><figure><img loading=\"lazy\" decoding=\"async\" width=\"768\" height=\"1024\" alt=\"\" class=\"wp-block-jetpack-slideshow_image wp-image-1659\" data-id=\"1659\" src=\"https:\/\/vitrail-beaubreuil.fr\/wp-content\/uploads\/2021\/01\/IMG_20200612_222127-cp-768x1024.jpg\" srcset=\"https:\/\/vitrail-beaubreuil.fr\/wp-content\/uploads\/2021\/01\/IMG_20200612_222127-cp-768x1024.jpg 768w, https:\/\/vitrail-beaubreuil.fr\/wp-content\/uploads\/2021\/01\/IMG_20200612_222127-cp-225x300.jpg 225w, https:\/\/vitrail-beaubreuil.fr\/wp-content\/uploads\/2021\/01\/IMG_20200612_222127-cp-1152x1536.jpg 1152w, https:\/\/vitrail-beaubreuil.fr\/wp-content\/uploads\/2021\/01\/IMG_20200612_222127-cp-1536x2048.jpg 1536w, https:\/\/vitrail-beaubreuil.fr\/wp-content\/uploads\/2021\/01\/IMG_20200612_222127-cp-scaled.jpg 1920w\" sizes=\"auto, (max-width: 768px) 100vw, 768px\" \/><\/figure><\/li><li class=\"wp-block-jetpack-slideshow_slide swiper-slide is-transient\"><figure><img decoding=\"async\" class=\"wp-block-jetpack-slideshow_image wp-image-undefined\" src=\"blob:https:\/\/vitrail-beaubreuil.fr\/7e9a96c9-1433-4846-941e-fa130f5071eb\"\/><span class=\"components-spinner\"><\/span><\/figure><\/li><\/ul><a class=\"wp-block-jetpack-slideshow_button-prev swiper-button-prev swiper-button-white\" role=\"button\"><\/a><a class=\"wp-block-jetpack-slideshow_button-next swiper-button-next swiper-button-white\" role=\"button\"><\/a><a aria-label=\"Pause Slideshow\" class=\"wp-block-jetpack-slideshow_button-pause\" role=\"button\"><\/a><div class=\"wp-block-jetpack-slideshow_pagination swiper-pagination swiper-pagination-white\"><\/div><\/div><\/div>\n<\/div>\n\n\n\n<div class=\"wp-block-column is-vertically-aligned-center is-layout-flow wp-block-column-is-layout-flow\">\n<p>Ann\u00e9e &#8211; Chantier \u00e0 Ville (dept)<\/p>\n<\/div>\n<\/div>\n\n\n\n<p><\/p>\n","protected":false},"excerpt":{"rendered":"<p>Vitrail pour Soyouz Films Ann\u00e9e &#8211; Chantier \u00e0 Ville (dept) Ann\u00e9e &#8211; Chantier \u00e0 Ville (dept) Ann\u00e9e &#8211; Chantier \u00e0 Ville (dept)<\/p>\n","protected":false},"author":1,"featured_media":0,"parent":1194,"menu_order":0,"comment_status":"closed","ping_status":"closed","template":"","meta":{"footnotes":""},"class_list":["post-1197","page","type-page","status-publish","hentry"],"yoast_head":"<!-- This site is optimized with the Yoast SEO plugin v27.5 - https:\/\/yoast.com\/product\/yoast-seo-wordpress\/ -->\n<title>Cr\u00e9ation de vitraux - Atelier de vitrail - Christian BEAUBREUIL<\/title>\n<meta name=\"robots\" content=\"index, follow, max-snippet:-1, max-image-preview:large, max-video-preview:-1\" \/>\n<link rel=\"canonical\" href=\"https:\/\/vitrail-beaubreuil.fr\/index.php\/realisations-vitrail\/creation-vitrail\/\" \/>\n<meta property=\"og:locale\" content=\"fr_FR\" \/>\n<meta property=\"og:type\" content=\"article\" \/>\n<meta property=\"og:title\" content=\"Cr\u00e9ation de vitraux - Atelier de vitrail - Christian BEAUBREUIL\" \/>\n<meta property=\"og:description\" content=\"Vitrail pour Soyouz Films Ann\u00e9e &#8211; Chantier \u00e0 Ville (dept) Ann\u00e9e &#8211; Chantier \u00e0 Ville (dept) Ann\u00e9e &#8211; Chantier \u00e0 Ville (dept)\" \/>\n<meta property=\"og:url\" content=\"https:\/\/vitrail-beaubreuil.fr\/index.php\/realisations-vitrail\/creation-vitrail\/\" \/>\n<meta property=\"og:site_name\" content=\"Atelier de vitrail - Christian BEAUBREUIL\" \/>\n<meta property=\"article:modified_time\" content=\"2021-01-26T17:28:36+00:00\" \/>\n<meta property=\"og:image\" content=\"https:\/\/vitrail-beaubreuil.fr\/wp-content\/uploads\/2021\/01\/IMG_20200612_122430-cp-1-768x1024.jpg\" \/>\n<meta name=\"twitter:card\" content=\"summary_large_image\" \/>\n<meta name=\"twitter:label1\" content=\"Dur\u00e9e de lecture estim\u00e9e\" \/>\n\t<meta name=\"twitter:data1\" content=\"3 minutes\" \/>\n<script type=\"application\/ld+json\" class=\"yoast-schema-graph\">{\"@context\":\"https:\\\/\\\/schema.org\",\"@graph\":[{\"@type\":\"WebPage\",\"@id\":\"https:\\\/\\\/vitrail-beaubreuil.fr\\\/index.php\\\/realisations-vitrail\\\/creation-vitrail\\\/\",\"url\":\"https:\\\/\\\/vitrail-beaubreuil.fr\\\/index.php\\\/realisations-vitrail\\\/creation-vitrail\\\/\",\"name\":\"Cr\u00e9ation de vitraux - Atelier de vitrail - Christian BEAUBREUIL\",\"isPartOf\":{\"@id\":\"https:\\\/\\\/vitrail-beaubreuil.fr\\\/#website\"},\"primaryImageOfPage\":{\"@id\":\"https:\\\/\\\/vitrail-beaubreuil.fr\\\/index.php\\\/realisations-vitrail\\\/creation-vitrail\\\/#primaryimage\"},\"image\":{\"@id\":\"https:\\\/\\\/vitrail-beaubreuil.fr\\\/index.php\\\/realisations-vitrail\\\/creation-vitrail\\\/#primaryimage\"},\"thumbnailUrl\":\"https:\\\/\\\/vitrail-beaubreuil.fr\\\/wp-content\\\/uploads\\\/2021\\\/01\\\/IMG_20200612_122430-cp-1-768x1024.jpg\",\"datePublished\":\"2020-12-31T15:27:48+00:00\",\"dateModified\":\"2021-01-26T17:28:36+00:00\",\"breadcrumb\":{\"@id\":\"https:\\\/\\\/vitrail-beaubreuil.fr\\\/index.php\\\/realisations-vitrail\\\/creation-vitrail\\\/#breadcrumb\"},\"inLanguage\":\"fr-FR\",\"potentialAction\":[{\"@type\":\"ReadAction\",\"target\":[\"https:\\\/\\\/vitrail-beaubreuil.fr\\\/index.php\\\/realisations-vitrail\\\/creation-vitrail\\\/\"]}]},{\"@type\":\"ImageObject\",\"inLanguage\":\"fr-FR\",\"@id\":\"https:\\\/\\\/vitrail-beaubreuil.fr\\\/index.php\\\/realisations-vitrail\\\/creation-vitrail\\\/#primaryimage\",\"url\":\"https:\\\/\\\/vitrail-beaubreuil.fr\\\/wp-content\\\/uploads\\\/2021\\\/01\\\/IMG_20200612_122430-cp-1-scaled.jpg\",\"contentUrl\":\"https:\\\/\\\/vitrail-beaubreuil.fr\\\/wp-content\\\/uploads\\\/2021\\\/01\\\/IMG_20200612_122430-cp-1-scaled.jpg\",\"width\":1920,\"height\":2560,\"caption\":\"@Soyouz Films\"},{\"@type\":\"BreadcrumbList\",\"@id\":\"https:\\\/\\\/vitrail-beaubreuil.fr\\\/index.php\\\/realisations-vitrail\\\/creation-vitrail\\\/#breadcrumb\",\"itemListElement\":[{\"@type\":\"ListItem\",\"position\":1,\"name\":\"Home\",\"item\":\"https:\\\/\\\/vitrail-beaubreuil.fr\\\/\"},{\"@type\":\"ListItem\",\"position\":2,\"name\":\"R\u00e9alisations\",\"item\":\"https:\\\/\\\/vitrail-beaubreuil.fr\\\/index.php\\\/realisations-vitrail\\\/\"},{\"@type\":\"ListItem\",\"position\":3,\"name\":\"Cr\u00e9ation de vitraux\"}]},{\"@type\":\"WebSite\",\"@id\":\"https:\\\/\\\/vitrail-beaubreuil.fr\\\/#website\",\"url\":\"https:\\\/\\\/vitrail-beaubreuil.fr\\\/\",\"name\":\"Atelier de vitrail - Christian BEAUBREUIL\",\"description\":\"Vitrailliste Pays de la Loire\",\"publisher\":{\"@id\":\"https:\\\/\\\/vitrail-beaubreuil.fr\\\/#organization\"},\"potentialAction\":[{\"@type\":\"SearchAction\",\"target\":{\"@type\":\"EntryPoint\",\"urlTemplate\":\"https:\\\/\\\/vitrail-beaubreuil.fr\\\/?s={search_term_string}\"},\"query-input\":{\"@type\":\"PropertyValueSpecification\",\"valueRequired\":true,\"valueName\":\"search_term_string\"}}],\"inLanguage\":\"fr-FR\"},{\"@type\":\"Organization\",\"@id\":\"https:\\\/\\\/vitrail-beaubreuil.fr\\\/#organization\",\"name\":\"Atelier de vitrail - Christian BEAUBREUIL\",\"url\":\"https:\\\/\\\/vitrail-beaubreuil.fr\\\/\",\"logo\":{\"@type\":\"ImageObject\",\"inLanguage\":\"fr-FR\",\"@id\":\"https:\\\/\\\/vitrail-beaubreuil.fr\\\/#\\\/schema\\\/logo\\\/image\\\/\",\"url\":\"https:\\\/\\\/vitrail-beaubreuil.fr\\\/wp-content\\\/uploads\\\/2023\\\/09\\\/Logo-Beaubreuil.png\",\"contentUrl\":\"https:\\\/\\\/vitrail-beaubreuil.fr\\\/wp-content\\\/uploads\\\/2023\\\/09\\\/Logo-Beaubreuil.png\",\"width\":1280,\"height\":640,\"caption\":\"Atelier de vitrail - Christian BEAUBREUIL\"},\"image\":{\"@id\":\"https:\\\/\\\/vitrail-beaubreuil.fr\\\/#\\\/schema\\\/logo\\\/image\\\/\"}}]}<\/script>\n<!-- \/ Yoast SEO plugin. -->","yoast_head_json":{"title":"Cr\u00e9ation de vitraux - Atelier de vitrail - Christian BEAUBREUIL","robots":{"index":"index","follow":"follow","max-snippet":"max-snippet:-1","max-image-preview":"max-image-preview:large","max-video-preview":"max-video-preview:-1"},"canonical":"https:\/\/vitrail-beaubreuil.fr\/index.php\/realisations-vitrail\/creation-vitrail\/","og_locale":"fr_FR","og_type":"article","og_title":"Cr\u00e9ation de vitraux - Atelier de vitrail - Christian BEAUBREUIL","og_description":"Vitrail pour Soyouz Films Ann\u00e9e &#8211; Chantier \u00e0 Ville (dept) Ann\u00e9e &#8211; Chantier \u00e0 Ville (dept) Ann\u00e9e &#8211; Chantier \u00e0 Ville (dept)","og_url":"https:\/\/vitrail-beaubreuil.fr\/index.php\/realisations-vitrail\/creation-vitrail\/","og_site_name":"Atelier de vitrail - Christian BEAUBREUIL","article_modified_time":"2021-01-26T17:28:36+00:00","og_image":[{"url":"https:\/\/vitrail-beaubreuil.fr\/wp-content\/uploads\/2021\/01\/IMG_20200612_122430-cp-1-768x1024.jpg","type":"","width":"","height":""}],"twitter_card":"summary_large_image","twitter_misc":{"Dur\u00e9e de lecture estim\u00e9e":"3 minutes"},"schema":{"@context":"https:\/\/schema.org","@graph":[{"@type":"WebPage","@id":"https:\/\/vitrail-beaubreuil.fr\/index.php\/realisations-vitrail\/creation-vitrail\/","url":"https:\/\/vitrail-beaubreuil.fr\/index.php\/realisations-vitrail\/creation-vitrail\/","name":"Cr\u00e9ation de vitraux - Atelier de vitrail - Christian BEAUBREUIL","isPartOf":{"@id":"https:\/\/vitrail-beaubreuil.fr\/#website"},"primaryImageOfPage":{"@id":"https:\/\/vitrail-beaubreuil.fr\/index.php\/realisations-vitrail\/creation-vitrail\/#primaryimage"},"image":{"@id":"https:\/\/vitrail-beaubreuil.fr\/index.php\/realisations-vitrail\/creation-vitrail\/#primaryimage"},"thumbnailUrl":"https:\/\/vitrail-beaubreuil.fr\/wp-content\/uploads\/2021\/01\/IMG_20200612_122430-cp-1-768x1024.jpg","datePublished":"2020-12-31T15:27:48+00:00","dateModified":"2021-01-26T17:28:36+00:00","breadcrumb":{"@id":"https:\/\/vitrail-beaubreuil.fr\/index.php\/realisations-vitrail\/creation-vitrail\/#breadcrumb"},"inLanguage":"fr-FR","potentialAction":[{"@type":"ReadAction","target":["https:\/\/vitrail-beaubreuil.fr\/index.php\/realisations-vitrail\/creation-vitrail\/"]}]},{"@type":"ImageObject","inLanguage":"fr-FR","@id":"https:\/\/vitrail-beaubreuil.fr\/index.php\/realisations-vitrail\/creation-vitrail\/#primaryimage","url":"https:\/\/vitrail-beaubreuil.fr\/wp-content\/uploads\/2021\/01\/IMG_20200612_122430-cp-1-scaled.jpg","contentUrl":"https:\/\/vitrail-beaubreuil.fr\/wp-content\/uploads\/2021\/01\/IMG_20200612_122430-cp-1-scaled.jpg","width":1920,"height":2560,"caption":"@Soyouz Films"},{"@type":"BreadcrumbList","@id":"https:\/\/vitrail-beaubreuil.fr\/index.php\/realisations-vitrail\/creation-vitrail\/#breadcrumb","itemListElement":[{"@type":"ListItem","position":1,"name":"Home","item":"https:\/\/vitrail-beaubreuil.fr\/"},{"@type":"ListItem","position":2,"name":"R\u00e9alisations","item":"https:\/\/vitrail-beaubreuil.fr\/index.php\/realisations-vitrail\/"},{"@type":"ListItem","position":3,"name":"Cr\u00e9ation de vitraux"}]},{"@type":"WebSite","@id":"https:\/\/vitrail-beaubreuil.fr\/#website","url":"https:\/\/vitrail-beaubreuil.fr\/","name":"Atelier de vitrail - Christian BEAUBREUIL","description":"Vitrailliste Pays de la Loire","publisher":{"@id":"https:\/\/vitrail-beaubreuil.fr\/#organization"},"potentialAction":[{"@type":"SearchAction","target":{"@type":"EntryPoint","urlTemplate":"https:\/\/vitrail-beaubreuil.fr\/?s={search_term_string}"},"query-input":{"@type":"PropertyValueSpecification","valueRequired":true,"valueName":"search_term_string"}}],"inLanguage":"fr-FR"},{"@type":"Organization","@id":"https:\/\/vitrail-beaubreuil.fr\/#organization","name":"Atelier de vitrail - Christian BEAUBREUIL","url":"https:\/\/vitrail-beaubreuil.fr\/","logo":{"@type":"ImageObject","inLanguage":"fr-FR","@id":"https:\/\/vitrail-beaubreuil.fr\/#\/schema\/logo\/image\/","url":"https:\/\/vitrail-beaubreuil.fr\/wp-content\/uploads\/2023\/09\/Logo-Beaubreuil.png","contentUrl":"https:\/\/vitrail-beaubreuil.fr\/wp-content\/uploads\/2023\/09\/Logo-Beaubreuil.png","width":1280,"height":640,"caption":"Atelier de vitrail - Christian BEAUBREUIL"},"image":{"@id":"https:\/\/vitrail-beaubreuil.fr\/#\/schema\/logo\/image\/"}}]}},"_links":{"self":[{"href":"https:\/\/vitrail-beaubreuil.fr\/index.php\/wp-json\/wp\/v2\/pages\/1197","targetHints":{"allow":["GET"]}}],"collection":[{"href":"https:\/\/vitrail-beaubreuil.fr\/index.php\/wp-json\/wp\/v2\/pages"}],"about":[{"href":"https:\/\/vitrail-beaubreuil.fr\/index.php\/wp-json\/wp\/v2\/types\/page"}],"author":[{"embeddable":true,"href":"https:\/\/vitrail-beaubreuil.fr\/index.php\/wp-json\/wp\/v2\/users\/1"}],"replies":[{"embeddable":true,"href":"https:\/\/vitrail-beaubreuil.fr\/index.php\/wp-json\/wp\/v2\/comments?post=1197"}],"version-history":[{"count":5,"href":"https:\/\/vitrail-beaubreuil.fr\/index.php\/wp-json\/wp\/v2\/pages\/1197\/revisions"}],"predecessor-version":[{"id":1671,"href":"https:\/\/vitrail-beaubreuil.fr\/index.php\/wp-json\/wp\/v2\/pages\/1197\/revisions\/1671"}],"up":[{"embeddable":true,"href":"https:\/\/vitrail-beaubreuil.fr\/index.php\/wp-json\/wp\/v2\/pages\/1194"}],"wp:attachment":[{"href":"https:\/\/vitrail-beaubreuil.fr\/index.php\/wp-json\/wp\/v2\/media?parent=1197"}],"curies":[{"name":"wp","href":"https:\/\/api.w.org\/{rel}","templated":true}]}}