{"id":1199,"date":"2020-12-31T15:28:22","date_gmt":"2020-12-31T15:28:22","guid":{"rendered":"https:\/\/vitrail-beaubreuil.fr\/?page_id=1199"},"modified":"2020-12-31T16:45:15","modified_gmt":"2020-12-31T16:45:15","slug":"restauration-vitrail","status":"publish","type":"page","link":"https:\/\/vitrail-beaubreuil.fr\/index.php\/realisations-vitrail\/restauration-vitrail\/","title":{"rendered":"Restauration de vitraux"},"content":{"rendered":"\n<div class=\"wp-block-columns is-layout-flex wp-container-core-columns-is-layout-9d6595d7 wp-block-columns-is-layout-flex\">\n<div class=\"wp-block-column is-layout-flow wp-block-column-is-layout-flow\">\n<div class=\"wp-block-jetpack-slideshow aligncenter\" data-effect=\"slide\"><div class=\"wp-block-jetpack-slideshow_container swiper-container\"><ul class=\"wp-block-jetpack-slideshow_swiper-wrapper swiper-wrapper\"><li class=\"wp-block-jetpack-slideshow_slide swiper-slide\"><figure><img loading=\"lazy\" decoding=\"async\" width=\"1024\" height=\"768\" alt=\"\" class=\"wp-block-jetpack-slideshow_image wp-image-518\" data-id=\"518\" src=\"https:\/\/vitrail-beaubreuil.fr\/wp-content\/uploads\/2020\/12\/10-1024x768.jpg\" srcset=\"https:\/\/vitrail-beaubreuil.fr\/wp-content\/uploads\/2020\/12\/10-1024x768.jpg 1024w, https:\/\/vitrail-beaubreuil.fr\/wp-content\/uploads\/2020\/12\/10-300x225.jpg 300w, https:\/\/vitrail-beaubreuil.fr\/wp-content\/uploads\/2020\/12\/10-768x576.jpg 768w, https:\/\/vitrail-beaubreuil.fr\/wp-content\/uploads\/2020\/12\/10-1536x1152.jpg 1536w, https:\/\/vitrail-beaubreuil.fr\/wp-content\/uploads\/2020\/12\/10-2048x1536.jpg 2048w\" sizes=\"auto, (max-width: 1024px) 100vw, 1024px\" \/><\/figure><\/li><li class=\"wp-block-jetpack-slideshow_slide swiper-slide\"><figure><img loading=\"lazy\" decoding=\"async\" width=\"768\" height=\"1024\" alt=\"\" class=\"wp-block-jetpack-slideshow_image wp-image-506\" data-id=\"506\" src=\"https:\/\/vitrail-beaubreuil.fr\/wp-content\/uploads\/2020\/12\/7-768x1024.jpg\" srcset=\"https:\/\/vitrail-beaubreuil.fr\/wp-content\/uploads\/2020\/12\/7-768x1024.jpg 768w, https:\/\/vitrail-beaubreuil.fr\/wp-content\/uploads\/2020\/12\/7-225x300.jpg 225w, https:\/\/vitrail-beaubreuil.fr\/wp-content\/uploads\/2020\/12\/7-1152x1536.jpg 1152w, https:\/\/vitrail-beaubreuil.fr\/wp-content\/uploads\/2020\/12\/7-1536x2048.jpg 1536w, https:\/\/vitrail-beaubreuil.fr\/wp-content\/uploads\/2020\/12\/7-scaled.jpg 1920w\" sizes=\"auto, (max-width: 768px) 100vw, 768px\" \/><\/figure><\/li><li class=\"wp-block-jetpack-slideshow_slide swiper-slide\"><figure><img loading=\"lazy\" decoding=\"async\" width=\"768\" height=\"1024\" alt=\"\" class=\"wp-block-jetpack-slideshow_image wp-image-507\" data-id=\"507\" src=\"https:\/\/vitrail-beaubreuil.fr\/wp-content\/uploads\/2020\/12\/8-768x1024.jpg\" srcset=\"https:\/\/vitrail-beaubreuil.fr\/wp-content\/uploads\/2020\/12\/8-768x1024.jpg 768w, https:\/\/vitrail-beaubreuil.fr\/wp-content\/uploads\/2020\/12\/8-225x300.jpg 225w, https:\/\/vitrail-beaubreuil.fr\/wp-content\/uploads\/2020\/12\/8-1152x1536.jpg 1152w, https:\/\/vitrail-beaubreuil.fr\/wp-content\/uploads\/2020\/12\/8-1536x2048.jpg 1536w, https:\/\/vitrail-beaubreuil.fr\/wp-content\/uploads\/2020\/12\/8-scaled.jpg 1920w\" sizes=\"auto, (max-width: 768px) 100vw, 768px\" \/><\/figure><\/li><li class=\"wp-block-jetpack-slideshow_slide swiper-slide\"><figure><img loading=\"lazy\" decoding=\"async\" width=\"1920\" height=\"2560\" alt=\"\" class=\"wp-block-jetpack-slideshow_image wp-image-514\" data-id=\"514\" src=\"https:\/\/vitrail-beaubreuil.fr\/wp-content\/uploads\/2020\/12\/9-scaled.jpg\" srcset=\"https:\/\/vitrail-beaubreuil.fr\/wp-content\/uploads\/2020\/12\/9-scaled.jpg 1920w, https:\/\/vitrail-beaubreuil.fr\/wp-content\/uploads\/2020\/12\/9-225x300.jpg 225w\" sizes=\"auto, (max-width: 1920px) 100vw, 1920px\" \/><\/figure><\/li><li class=\"wp-block-jetpack-slideshow_slide swiper-slide\"><figure><img loading=\"lazy\" decoding=\"async\" width=\"768\" height=\"1024\" alt=\"\" class=\"wp-block-jetpack-slideshow_image wp-image-519\" data-id=\"519\" src=\"https:\/\/vitrail-beaubreuil.fr\/wp-content\/uploads\/2020\/12\/11-768x1024.jpg\" srcset=\"https:\/\/vitrail-beaubreuil.fr\/wp-content\/uploads\/2020\/12\/11-768x1024.jpg 768w, https:\/\/vitrail-beaubreuil.fr\/wp-content\/uploads\/2020\/12\/11-225x300.jpg 225w, https:\/\/vitrail-beaubreuil.fr\/wp-content\/uploads\/2020\/12\/11-1152x1536.jpg 1152w, https:\/\/vitrail-beaubreuil.fr\/wp-content\/uploads\/2020\/12\/11-1536x2048.jpg 1536w, https:\/\/vitrail-beaubreuil.fr\/wp-content\/uploads\/2020\/12\/11-scaled.jpg 1920w\" sizes=\"auto, (max-width: 768px) 100vw, 768px\" \/><\/figure><\/li><\/ul><a class=\"wp-block-jetpack-slideshow_button-prev swiper-button-prev swiper-button-white\" role=\"button\"><\/a><a class=\"wp-block-jetpack-slideshow_button-next swiper-button-next swiper-button-white\" role=\"button\"><\/a><a aria-label=\"Pause Slideshow\" class=\"wp-block-jetpack-slideshow_button-pause\" role=\"button\"><\/a><div class=\"wp-block-jetpack-slideshow_pagination swiper-pagination swiper-pagination-white\"><\/div><\/div><\/div>\n<\/div>\n\n\n\n<div class=\"wp-block-column is-vertically-aligned-center is-layout-flow wp-block-column-is-layout-flow\">\n<p>2020 &#8211; Restauration des vitraux de l&rsquo;\u00e9glise de Champtoceaux (Or\u00e9e d&rsquo;Anjou 49)<\/p>\n<\/div>\n<\/div>\n\n\n\n<div class=\"wp-block-columns is-layout-flex wp-container-core-columns-is-layout-9d6595d7 wp-block-columns-is-layout-flex\">\n<div class=\"wp-block-column is-layout-flow wp-block-column-is-layout-flow\">\n<div class=\"wp-block-jetpack-slideshow aligncenter\" data-effect=\"slide\"><div class=\"wp-block-jetpack-slideshow_container swiper-container\"><ul class=\"wp-block-jetpack-slideshow_swiper-wrapper swiper-wrapper\"><li class=\"wp-block-jetpack-slideshow_slide swiper-slide\"><figure><img loading=\"lazy\" decoding=\"async\" width=\"683\" height=\"1024\" alt=\"\" class=\"wp-block-jetpack-slideshow_image wp-image-537\" data-id=\"537\" src=\"https:\/\/vitrail-beaubreuil.fr\/wp-content\/uploads\/2020\/12\/12-683x1024.jpg\" srcset=\"https:\/\/vitrail-beaubreuil.fr\/wp-content\/uploads\/2020\/12\/12-683x1024.jpg 683w, https:\/\/vitrail-beaubreuil.fr\/wp-content\/uploads\/2020\/12\/12-200x300.jpg 200w, https:\/\/vitrail-beaubreuil.fr\/wp-content\/uploads\/2020\/12\/12-768x1152.jpg 768w, https:\/\/vitrail-beaubreuil.fr\/wp-content\/uploads\/2020\/12\/12-1024x1536.jpg 1024w, https:\/\/vitrail-beaubreuil.fr\/wp-content\/uploads\/2020\/12\/12-1365x2048.jpg 1365w, https:\/\/vitrail-beaubreuil.fr\/wp-content\/uploads\/2020\/12\/12-scaled.jpg 1707w\" sizes=\"auto, (max-width: 683px) 100vw, 683px\" \/><\/figure><\/li><li class=\"wp-block-jetpack-slideshow_slide swiper-slide\"><figure><img loading=\"lazy\" decoding=\"async\" width=\"683\" height=\"1024\" alt=\"\" class=\"wp-block-jetpack-slideshow_image wp-image-538\" data-id=\"538\" src=\"https:\/\/vitrail-beaubreuil.fr\/wp-content\/uploads\/2020\/12\/13-683x1024.jpg\" srcset=\"https:\/\/vitrail-beaubreuil.fr\/wp-content\/uploads\/2020\/12\/13-683x1024.jpg 683w, https:\/\/vitrail-beaubreuil.fr\/wp-content\/uploads\/2020\/12\/13-200x300.jpg 200w, https:\/\/vitrail-beaubreuil.fr\/wp-content\/uploads\/2020\/12\/13-768x1152.jpg 768w, https:\/\/vitrail-beaubreuil.fr\/wp-content\/uploads\/2020\/12\/13-1024x1536.jpg 1024w, https:\/\/vitrail-beaubreuil.fr\/wp-content\/uploads\/2020\/12\/13-1365x2048.jpg 1365w, https:\/\/vitrail-beaubreuil.fr\/wp-content\/uploads\/2020\/12\/13-scaled.jpg 1707w\" sizes=\"auto, (max-width: 683px) 100vw, 683px\" \/><\/figure><\/li><li class=\"wp-block-jetpack-slideshow_slide swiper-slide\"><figure><img loading=\"lazy\" decoding=\"async\" width=\"768\" height=\"1024\" alt=\"\" class=\"wp-block-jetpack-slideshow_image wp-image-1087\" data-id=\"1087\" src=\"https:\/\/vitrail-beaubreuil.fr\/wp-content\/uploads\/2020\/12\/cropped-14-scaled-1-768x1024.jpg\" srcset=\"https:\/\/vitrail-beaubreuil.fr\/wp-content\/uploads\/2020\/12\/cropped-14-scaled-1-768x1024.jpg 768w, https:\/\/vitrail-beaubreuil.fr\/wp-content\/uploads\/2020\/12\/cropped-14-scaled-1-225x300.jpg 225w, https:\/\/vitrail-beaubreuil.fr\/wp-content\/uploads\/2020\/12\/cropped-14-scaled-1-1152x1536.jpg 1152w, https:\/\/vitrail-beaubreuil.fr\/wp-content\/uploads\/2020\/12\/cropped-14-scaled-1-1536x2048.jpg 1536w, https:\/\/vitrail-beaubreuil.fr\/wp-content\/uploads\/2020\/12\/cropped-14-scaled-1.jpg 1920w\" sizes=\"auto, (max-width: 768px) 100vw, 768px\" \/><\/figure><\/li><li class=\"wp-block-jetpack-slideshow_slide swiper-slide\"><figure><img loading=\"lazy\" decoding=\"async\" width=\"1920\" height=\"2560\" alt=\"\" class=\"wp-block-jetpack-slideshow_image wp-image-548\" data-id=\"548\" src=\"https:\/\/vitrail-beaubreuil.fr\/wp-content\/uploads\/2020\/12\/15-scaled.jpg\" srcset=\"https:\/\/vitrail-beaubreuil.fr\/wp-content\/uploads\/2020\/12\/15-scaled.jpg 1920w, https:\/\/vitrail-beaubreuil.fr\/wp-content\/uploads\/2020\/12\/15-225x300.jpg 225w\" sizes=\"auto, (max-width: 1920px) 100vw, 1920px\" \/><\/figure><\/li><\/ul><a class=\"wp-block-jetpack-slideshow_button-prev swiper-button-prev swiper-button-white\" role=\"button\"><\/a><a class=\"wp-block-jetpack-slideshow_button-next swiper-button-next swiper-button-white\" role=\"button\"><\/a><a aria-label=\"Pause Slideshow\" class=\"wp-block-jetpack-slideshow_button-pause\" role=\"button\"><\/a><div class=\"wp-block-jetpack-slideshow_pagination swiper-pagination swiper-pagination-white\"><\/div><\/div><\/div>\n<\/div>\n\n\n\n<div class=\"wp-block-column is-vertically-aligned-center is-layout-flow wp-block-column-is-layout-flow\">\n<p>2017 &#8211; Restauration de vitrail &#8211; \u00c9glise de Derval (44)<\/p>\n<\/div>\n<\/div>\n\n\n\n<div class=\"wp-block-columns is-layout-flex wp-container-core-columns-is-layout-9d6595d7 wp-block-columns-is-layout-flex\">\n<div class=\"wp-block-column is-layout-flow wp-block-column-is-layout-flow\">\n<div class=\"wp-block-jetpack-slideshow aligncenter\" data-effect=\"slide\"><div class=\"wp-block-jetpack-slideshow_container swiper-container\"><ul class=\"wp-block-jetpack-slideshow_swiper-wrapper swiper-wrapper\"><li class=\"wp-block-jetpack-slideshow_slide swiper-slide\"><figure><img loading=\"lazy\" decoding=\"async\" width=\"593\" height=\"1024\" alt=\"\" class=\"wp-block-jetpack-slideshow_image wp-image-533\" data-id=\"533\" src=\"https:\/\/vitrail-beaubreuil.fr\/wp-content\/uploads\/2020\/12\/5-2-593x1024.jpg\" srcset=\"https:\/\/vitrail-beaubreuil.fr\/wp-content\/uploads\/2020\/12\/5-2-593x1024.jpg 593w, https:\/\/vitrail-beaubreuil.fr\/wp-content\/uploads\/2020\/12\/5-2-174x300.jpg 174w, https:\/\/vitrail-beaubreuil.fr\/wp-content\/uploads\/2020\/12\/5-2-768x1325.jpg 768w, https:\/\/vitrail-beaubreuil.fr\/wp-content\/uploads\/2020\/12\/5-2-890x1536.jpg 890w, https:\/\/vitrail-beaubreuil.fr\/wp-content\/uploads\/2020\/12\/5-2-1187x2048.jpg 1187w, https:\/\/vitrail-beaubreuil.fr\/wp-content\/uploads\/2020\/12\/5-2.jpg 1446w\" sizes=\"auto, (max-width: 593px) 100vw, 593px\" \/><\/figure><\/li><li class=\"wp-block-jetpack-slideshow_slide swiper-slide\"><figure><img loading=\"lazy\" decoding=\"async\" width=\"768\" height=\"1024\" alt=\"\" class=\"wp-block-jetpack-slideshow_image wp-image-534\" data-id=\"534\" src=\"https:\/\/vitrail-beaubreuil.fr\/wp-content\/uploads\/2020\/12\/6-1-768x1024.jpg\" srcset=\"https:\/\/vitrail-beaubreuil.fr\/wp-content\/uploads\/2020\/12\/6-1-768x1024.jpg 768w, https:\/\/vitrail-beaubreuil.fr\/wp-content\/uploads\/2020\/12\/6-1-225x300.jpg 225w, https:\/\/vitrail-beaubreuil.fr\/wp-content\/uploads\/2020\/12\/6-1-1152x1536.jpg 1152w, https:\/\/vitrail-beaubreuil.fr\/wp-content\/uploads\/2020\/12\/6-1-1536x2048.jpg 1536w, https:\/\/vitrail-beaubreuil.fr\/wp-content\/uploads\/2020\/12\/6-1-scaled.jpg 1920w\" sizes=\"auto, (max-width: 768px) 100vw, 768px\" \/><\/figure><\/li><li class=\"wp-block-jetpack-slideshow_slide swiper-slide\"><figure><img loading=\"lazy\" decoding=\"async\" width=\"462\" height=\"1024\" alt=\"\" class=\"wp-block-jetpack-slideshow_image wp-image-531\" data-id=\"531\" src=\"https:\/\/vitrail-beaubreuil.fr\/wp-content\/uploads\/2020\/12\/3-4-462x1024.jpg\" srcset=\"https:\/\/vitrail-beaubreuil.fr\/wp-content\/uploads\/2020\/12\/3-4-462x1024.jpg 462w, https:\/\/vitrail-beaubreuil.fr\/wp-content\/uploads\/2020\/12\/3-4-135x300.jpg 135w, https:\/\/vitrail-beaubreuil.fr\/wp-content\/uploads\/2020\/12\/3-4-768x1702.jpg 768w, https:\/\/vitrail-beaubreuil.fr\/wp-content\/uploads\/2020\/12\/3-4-693x1536.jpg 693w, https:\/\/vitrail-beaubreuil.fr\/wp-content\/uploads\/2020\/12\/3-4-924x2048.jpg 924w, https:\/\/vitrail-beaubreuil.fr\/wp-content\/uploads\/2020\/12\/3-4-scaled.jpg 1155w\" sizes=\"auto, (max-width: 462px) 100vw, 462px\" \/><\/figure><\/li><li class=\"wp-block-jetpack-slideshow_slide swiper-slide\"><figure><img loading=\"lazy\" decoding=\"async\" width=\"1024\" height=\"683\" alt=\"\" class=\"wp-block-jetpack-slideshow_image wp-image-527\" data-id=\"527\" src=\"https:\/\/vitrail-beaubreuil.fr\/wp-content\/uploads\/2020\/12\/2-4-1024x683.jpg\" srcset=\"https:\/\/vitrail-beaubreuil.fr\/wp-content\/uploads\/2020\/12\/2-4-1024x683.jpg 1024w, https:\/\/vitrail-beaubreuil.fr\/wp-content\/uploads\/2020\/12\/2-4-300x200.jpg 300w, https:\/\/vitrail-beaubreuil.fr\/wp-content\/uploads\/2020\/12\/2-4-768x512.jpg 768w, https:\/\/vitrail-beaubreuil.fr\/wp-content\/uploads\/2020\/12\/2-4-1536x1024.jpg 1536w, https:\/\/vitrail-beaubreuil.fr\/wp-content\/uploads\/2020\/12\/2-4-2048x1365.jpg 2048w\" sizes=\"auto, (max-width: 1024px) 100vw, 1024px\" \/><\/figure><\/li><li class=\"wp-block-jetpack-slideshow_slide swiper-slide\"><figure><img loading=\"lazy\" decoding=\"async\" width=\"2560\" height=\"1707\" alt=\"\" class=\"wp-block-jetpack-slideshow_image wp-image-526\" data-id=\"526\" src=\"https:\/\/vitrail-beaubreuil.fr\/wp-content\/uploads\/2020\/12\/1-5-scaled.jpg\" srcset=\"https:\/\/vitrail-beaubreuil.fr\/wp-content\/uploads\/2020\/12\/1-5-scaled.jpg 2560w, https:\/\/vitrail-beaubreuil.fr\/wp-content\/uploads\/2020\/12\/1-5-300x200.jpg 300w\" sizes=\"auto, (max-width: 2560px) 100vw, 2560px\" \/><\/figure><\/li><\/ul><a class=\"wp-block-jetpack-slideshow_button-prev swiper-button-prev swiper-button-white\" role=\"button\"><\/a><a class=\"wp-block-jetpack-slideshow_button-next swiper-button-next swiper-button-white\" role=\"button\"><\/a><a aria-label=\"Pause Slideshow\" class=\"wp-block-jetpack-slideshow_button-pause\" role=\"button\"><\/a><div class=\"wp-block-jetpack-slideshow_pagination swiper-pagination swiper-pagination-white\"><\/div><\/div><\/div>\n<\/div>\n\n\n\n<div class=\"wp-block-column is-vertically-aligned-center is-layout-flow wp-block-column-is-layout-flow\">\n<p>2015 &#8211; Chapelle de Fr\u00e9lign\u00e9 \u00e0 Touvois (44)<\/p>\n<\/div>\n<\/div>\n","protected":false},"excerpt":{"rendered":"<p>2020 &#8211; Restauration des vitraux de l&rsquo;\u00e9glise de Champtoceaux (Or\u00e9e d&rsquo;Anjou 49) 2017 &#8211; Restauration de vitrail &#8211; \u00c9glise de Derval (44) 2015 &#8211; Chapelle de Fr\u00e9lign\u00e9 \u00e0 Touvois (44)<\/p>\n","protected":false},"author":1,"featured_media":0,"parent":1194,"menu_order":0,"comment_status":"closed","ping_status":"closed","template":"","meta":{"footnotes":""},"class_list":["post-1199","page","type-page","status-publish","hentry"],"yoast_head":"<!-- This site is optimized with the Yoast SEO plugin v27.5 - https:\/\/yoast.com\/product\/yoast-seo-wordpress\/ -->\n<title>Restauration de vitraux - Atelier de vitrail - Christian BEAUBREUIL<\/title>\n<meta name=\"robots\" content=\"index, follow, max-snippet:-1, max-image-preview:large, max-video-preview:-1\" \/>\n<link rel=\"canonical\" href=\"https:\/\/vitrail-beaubreuil.fr\/index.php\/realisations-vitrail\/restauration-vitrail\/\" \/>\n<meta property=\"og:locale\" content=\"fr_FR\" \/>\n<meta property=\"og:type\" content=\"article\" \/>\n<meta property=\"og:title\" content=\"Restauration de vitraux - Atelier de vitrail - Christian BEAUBREUIL\" \/>\n<meta property=\"og:description\" content=\"2020 &#8211; Restauration des vitraux de l&rsquo;\u00e9glise de Champtoceaux (Or\u00e9e d&rsquo;Anjou 49) 2017 &#8211; Restauration de vitrail &#8211; \u00c9glise de Derval (44) 2015 &#8211; Chapelle de Fr\u00e9lign\u00e9 \u00e0 Touvois (44)\" \/>\n<meta property=\"og:url\" content=\"https:\/\/vitrail-beaubreuil.fr\/index.php\/realisations-vitrail\/restauration-vitrail\/\" \/>\n<meta property=\"og:site_name\" content=\"Atelier de vitrail - Christian BEAUBREUIL\" \/>\n<meta property=\"article:modified_time\" content=\"2020-12-31T16:45:15+00:00\" \/>\n<meta property=\"og:image\" content=\"https:\/\/vitrail-beaubreuil.fr\/wp-content\/uploads\/2020\/12\/10-1024x768.jpg\" \/>\n<meta name=\"twitter:card\" content=\"summary_large_image\" \/>\n<script type=\"application\/ld+json\" class=\"yoast-schema-graph\">{\"@context\":\"https:\\\/\\\/schema.org\",\"@graph\":[{\"@type\":\"WebPage\",\"@id\":\"https:\\\/\\\/vitrail-beaubreuil.fr\\\/index.php\\\/realisations-vitrail\\\/restauration-vitrail\\\/\",\"url\":\"https:\\\/\\\/vitrail-beaubreuil.fr\\\/index.php\\\/realisations-vitrail\\\/restauration-vitrail\\\/\",\"name\":\"Restauration de vitraux - Atelier de vitrail - Christian BEAUBREUIL\",\"isPartOf\":{\"@id\":\"https:\\\/\\\/vitrail-beaubreuil.fr\\\/#website\"},\"primaryImageOfPage\":{\"@id\":\"https:\\\/\\\/vitrail-beaubreuil.fr\\\/index.php\\\/realisations-vitrail\\\/restauration-vitrail\\\/#primaryimage\"},\"image\":{\"@id\":\"https:\\\/\\\/vitrail-beaubreuil.fr\\\/index.php\\\/realisations-vitrail\\\/restauration-vitrail\\\/#primaryimage\"},\"thumbnailUrl\":\"https:\\\/\\\/vitrail-beaubreuil.fr\\\/wp-content\\\/uploads\\\/2020\\\/12\\\/10-1024x768.jpg\",\"datePublished\":\"2020-12-31T15:28:22+00:00\",\"dateModified\":\"2020-12-31T16:45:15+00:00\",\"breadcrumb\":{\"@id\":\"https:\\\/\\\/vitrail-beaubreuil.fr\\\/index.php\\\/realisations-vitrail\\\/restauration-vitrail\\\/#breadcrumb\"},\"inLanguage\":\"fr-FR\",\"potentialAction\":[{\"@type\":\"ReadAction\",\"target\":[\"https:\\\/\\\/vitrail-beaubreuil.fr\\\/index.php\\\/realisations-vitrail\\\/restauration-vitrail\\\/\"]}]},{\"@type\":\"ImageObject\",\"inLanguage\":\"fr-FR\",\"@id\":\"https:\\\/\\\/vitrail-beaubreuil.fr\\\/index.php\\\/realisations-vitrail\\\/restauration-vitrail\\\/#primaryimage\",\"url\":\"https:\\\/\\\/vitrail-beaubreuil.fr\\\/wp-content\\\/uploads\\\/2020\\\/12\\\/10-scaled.jpg\",\"contentUrl\":\"https:\\\/\\\/vitrail-beaubreuil.fr\\\/wp-content\\\/uploads\\\/2020\\\/12\\\/10-scaled.jpg\",\"width\":2560,\"height\":1920,\"caption\":\"Atelier de vitrail Christian BEAUBREUIL cr\u00e9ation vitraux travail du verre\"},{\"@type\":\"BreadcrumbList\",\"@id\":\"https:\\\/\\\/vitrail-beaubreuil.fr\\\/index.php\\\/realisations-vitrail\\\/restauration-vitrail\\\/#breadcrumb\",\"itemListElement\":[{\"@type\":\"ListItem\",\"position\":1,\"name\":\"Home\",\"item\":\"https:\\\/\\\/vitrail-beaubreuil.fr\\\/\"},{\"@type\":\"ListItem\",\"position\":2,\"name\":\"R\u00e9alisations\",\"item\":\"https:\\\/\\\/vitrail-beaubreuil.fr\\\/index.php\\\/realisations-vitrail\\\/\"},{\"@type\":\"ListItem\",\"position\":3,\"name\":\"Restauration de vitraux\"}]},{\"@type\":\"WebSite\",\"@id\":\"https:\\\/\\\/vitrail-beaubreuil.fr\\\/#website\",\"url\":\"https:\\\/\\\/vitrail-beaubreuil.fr\\\/\",\"name\":\"Atelier de vitrail - Christian BEAUBREUIL\",\"description\":\"Vitrailliste Pays de la Loire\",\"publisher\":{\"@id\":\"https:\\\/\\\/vitrail-beaubreuil.fr\\\/#organization\"},\"potentialAction\":[{\"@type\":\"SearchAction\",\"target\":{\"@type\":\"EntryPoint\",\"urlTemplate\":\"https:\\\/\\\/vitrail-beaubreuil.fr\\\/?s={search_term_string}\"},\"query-input\":{\"@type\":\"PropertyValueSpecification\",\"valueRequired\":true,\"valueName\":\"search_term_string\"}}],\"inLanguage\":\"fr-FR\"},{\"@type\":\"Organization\",\"@id\":\"https:\\\/\\\/vitrail-beaubreuil.fr\\\/#organization\",\"name\":\"Atelier de vitrail - Christian BEAUBREUIL\",\"url\":\"https:\\\/\\\/vitrail-beaubreuil.fr\\\/\",\"logo\":{\"@type\":\"ImageObject\",\"inLanguage\":\"fr-FR\",\"@id\":\"https:\\\/\\\/vitrail-beaubreuil.fr\\\/#\\\/schema\\\/logo\\\/image\\\/\",\"url\":\"https:\\\/\\\/vitrail-beaubreuil.fr\\\/wp-content\\\/uploads\\\/2023\\\/09\\\/Logo-Beaubreuil.png\",\"contentUrl\":\"https:\\\/\\\/vitrail-beaubreuil.fr\\\/wp-content\\\/uploads\\\/2023\\\/09\\\/Logo-Beaubreuil.png\",\"width\":1280,\"height\":640,\"caption\":\"Atelier de vitrail - Christian BEAUBREUIL\"},\"image\":{\"@id\":\"https:\\\/\\\/vitrail-beaubreuil.fr\\\/#\\\/schema\\\/logo\\\/image\\\/\"}}]}<\/script>\n<!-- \/ Yoast SEO plugin. -->","yoast_head_json":{"title":"Restauration de vitraux - Atelier de vitrail - Christian BEAUBREUIL","robots":{"index":"index","follow":"follow","max-snippet":"max-snippet:-1","max-image-preview":"max-image-preview:large","max-video-preview":"max-video-preview:-1"},"canonical":"https:\/\/vitrail-beaubreuil.fr\/index.php\/realisations-vitrail\/restauration-vitrail\/","og_locale":"fr_FR","og_type":"article","og_title":"Restauration de vitraux - Atelier de vitrail - Christian BEAUBREUIL","og_description":"2020 &#8211; Restauration des vitraux de l&rsquo;\u00e9glise de Champtoceaux (Or\u00e9e d&rsquo;Anjou 49) 2017 &#8211; Restauration de vitrail &#8211; \u00c9glise de Derval (44) 2015 &#8211; Chapelle de Fr\u00e9lign\u00e9 \u00e0 Touvois (44)","og_url":"https:\/\/vitrail-beaubreuil.fr\/index.php\/realisations-vitrail\/restauration-vitrail\/","og_site_name":"Atelier de vitrail - Christian BEAUBREUIL","article_modified_time":"2020-12-31T16:45:15+00:00","og_image":[{"url":"https:\/\/vitrail-beaubreuil.fr\/wp-content\/uploads\/2020\/12\/10-1024x768.jpg","type":"","width":"","height":""}],"twitter_card":"summary_large_image","schema":{"@context":"https:\/\/schema.org","@graph":[{"@type":"WebPage","@id":"https:\/\/vitrail-beaubreuil.fr\/index.php\/realisations-vitrail\/restauration-vitrail\/","url":"https:\/\/vitrail-beaubreuil.fr\/index.php\/realisations-vitrail\/restauration-vitrail\/","name":"Restauration de vitraux - Atelier de vitrail - Christian BEAUBREUIL","isPartOf":{"@id":"https:\/\/vitrail-beaubreuil.fr\/#website"},"primaryImageOfPage":{"@id":"https:\/\/vitrail-beaubreuil.fr\/index.php\/realisations-vitrail\/restauration-vitrail\/#primaryimage"},"image":{"@id":"https:\/\/vitrail-beaubreuil.fr\/index.php\/realisations-vitrail\/restauration-vitrail\/#primaryimage"},"thumbnailUrl":"https:\/\/vitrail-beaubreuil.fr\/wp-content\/uploads\/2020\/12\/10-1024x768.jpg","datePublished":"2020-12-31T15:28:22+00:00","dateModified":"2020-12-31T16:45:15+00:00","breadcrumb":{"@id":"https:\/\/vitrail-beaubreuil.fr\/index.php\/realisations-vitrail\/restauration-vitrail\/#breadcrumb"},"inLanguage":"fr-FR","potentialAction":[{"@type":"ReadAction","target":["https:\/\/vitrail-beaubreuil.fr\/index.php\/realisations-vitrail\/restauration-vitrail\/"]}]},{"@type":"ImageObject","inLanguage":"fr-FR","@id":"https:\/\/vitrail-beaubreuil.fr\/index.php\/realisations-vitrail\/restauration-vitrail\/#primaryimage","url":"https:\/\/vitrail-beaubreuil.fr\/wp-content\/uploads\/2020\/12\/10-scaled.jpg","contentUrl":"https:\/\/vitrail-beaubreuil.fr\/wp-content\/uploads\/2020\/12\/10-scaled.jpg","width":2560,"height":1920,"caption":"Atelier de vitrail Christian BEAUBREUIL cr\u00e9ation vitraux travail du verre"},{"@type":"BreadcrumbList","@id":"https:\/\/vitrail-beaubreuil.fr\/index.php\/realisations-vitrail\/restauration-vitrail\/#breadcrumb","itemListElement":[{"@type":"ListItem","position":1,"name":"Home","item":"https:\/\/vitrail-beaubreuil.fr\/"},{"@type":"ListItem","position":2,"name":"R\u00e9alisations","item":"https:\/\/vitrail-beaubreuil.fr\/index.php\/realisations-vitrail\/"},{"@type":"ListItem","position":3,"name":"Restauration de vitraux"}]},{"@type":"WebSite","@id":"https:\/\/vitrail-beaubreuil.fr\/#website","url":"https:\/\/vitrail-beaubreuil.fr\/","name":"Atelier de vitrail - Christian BEAUBREUIL","description":"Vitrailliste Pays de la Loire","publisher":{"@id":"https:\/\/vitrail-beaubreuil.fr\/#organization"},"potentialAction":[{"@type":"SearchAction","target":{"@type":"EntryPoint","urlTemplate":"https:\/\/vitrail-beaubreuil.fr\/?s={search_term_string}"},"query-input":{"@type":"PropertyValueSpecification","valueRequired":true,"valueName":"search_term_string"}}],"inLanguage":"fr-FR"},{"@type":"Organization","@id":"https:\/\/vitrail-beaubreuil.fr\/#organization","name":"Atelier de vitrail - Christian BEAUBREUIL","url":"https:\/\/vitrail-beaubreuil.fr\/","logo":{"@type":"ImageObject","inLanguage":"fr-FR","@id":"https:\/\/vitrail-beaubreuil.fr\/#\/schema\/logo\/image\/","url":"https:\/\/vitrail-beaubreuil.fr\/wp-content\/uploads\/2023\/09\/Logo-Beaubreuil.png","contentUrl":"https:\/\/vitrail-beaubreuil.fr\/wp-content\/uploads\/2023\/09\/Logo-Beaubreuil.png","width":1280,"height":640,"caption":"Atelier de vitrail - Christian BEAUBREUIL"},"image":{"@id":"https:\/\/vitrail-beaubreuil.fr\/#\/schema\/logo\/image\/"}}]}},"_links":{"self":[{"href":"https:\/\/vitrail-beaubreuil.fr\/index.php\/wp-json\/wp\/v2\/pages\/1199","targetHints":{"allow":["GET"]}}],"collection":[{"href":"https:\/\/vitrail-beaubreuil.fr\/index.php\/wp-json\/wp\/v2\/pages"}],"about":[{"href":"https:\/\/vitrail-beaubreuil.fr\/index.php\/wp-json\/wp\/v2\/types\/page"}],"author":[{"embeddable":true,"href":"https:\/\/vitrail-beaubreuil.fr\/index.php\/wp-json\/wp\/v2\/users\/1"}],"replies":[{"embeddable":true,"href":"https:\/\/vitrail-beaubreuil.fr\/index.php\/wp-json\/wp\/v2\/comments?post=1199"}],"version-history":[{"count":3,"href":"https:\/\/vitrail-beaubreuil.fr\/index.php\/wp-json\/wp\/v2\/pages\/1199\/revisions"}],"predecessor-version":[{"id":1285,"href":"https:\/\/vitrail-beaubreuil.fr\/index.php\/wp-json\/wp\/v2\/pages\/1199\/revisions\/1285"}],"up":[{"embeddable":true,"href":"https:\/\/vitrail-beaubreuil.fr\/index.php\/wp-json\/wp\/v2\/pages\/1194"}],"wp:attachment":[{"href":"https:\/\/vitrail-beaubreuil.fr\/index.php\/wp-json\/wp\/v2\/media?parent=1199"}],"curies":[{"name":"wp","href":"https:\/\/api.w.org\/{rel}","templated":true}]}}