{"id":168,"date":"2020-11-27T11:01:18","date_gmt":"2020-11-27T11:01:18","guid":{"rendered":"https:\/\/vitrail-beaubreuil.fr\/?page_id=168"},"modified":"2026-04-12T18:48:24","modified_gmt":"2026-04-12T16:48:24","slug":"le-vitrail","status":"publish","type":"page","link":"https:\/\/vitrail-beaubreuil.fr\/index.php\/le-vitrail\/","title":{"rendered":"Le vitrail"},"content":{"rendered":"<div data-colibri-id=\"168-c1\" class=\"style-540 style-local-168-c1 position-relative\">\n  <!---->\n  <div data-colibri-component=\"section\" data-colibri-id=\"168-c2\" id=\"custom\" class=\"h-section h-section-global-spacing d-flex align-items-lg-center align-items-md-center align-items-center style-694 style-local-168-c2 position-relative\">\n    <!---->\n    <!---->\n    <div class=\"h-section-grid-container h-section-boxed-container\">\n      <!---->\n      <div data-colibri-id=\"168-c3\" class=\"h-row-container gutters-row-lg-2 gutters-row-md-2 gutters-row-0 gutters-row-v-lg-2 gutters-row-v-md-2 gutters-row-v-2 style-697 style-local-168-c3 position-relative\">\n        <!---->\n        <div class=\"h-row justify-content-lg-center justify-content-md-center justify-content-center align-items-lg-stretch align-items-md-stretch align-items-stretch gutters-col-lg-2 gutters-col-md-2 gutters-col-0 gutters-col-v-lg-2 gutters-col-v-md-2 gutters-col-v-2\">\n          <!---->\n          <div class=\"h-column h-column-container d-flex h-col-lg-auto h-col-md-auto h-col-auto style-698-outer style-local-168-c4-outer\">\n            <div data-colibri-id=\"168-c4\" class=\"d-flex h-flex-basis h-column__inner h-px-lg-2 h-px-md-2 h-px-2 v-inner-lg-2 v-inner-md-2 v-inner-2 style-698 style-local-168-c4 position-relative\">\n              <!---->\n              <!---->\n              <div class=\"w-100 h-y-container h-column__content h-column__v-align flex-basis-100 align-self-lg-start align-self-md-start align-self-start\">\n                <!---->\n                <div data-colibri-id=\"168-c5\" class=\"h-text h-text-component style-699 style-local-168-c5 position-relative h-element\">\n                  <!---->\n                  <!---->\n                  <div class=\"\">\n                    <p><strong>Le vitrail, entre mati\u00e8re, lumi\u00e8re et savoir-faire<\/strong><\/p>\n                    <p>Le vitrail est avant tout une rencontre entre la mati\u00e8re et la lumi\u00e8re. Il na\u00eet de l\u2019assemblage minutieux de pi\u00e8ces de verre, color\u00e9es dans la masse ou peintes, d\u00e9coup\u00e9es puis reli\u00e9es par un r\u00e9seau de plomb. Chaque ligne, chaque teinte\n                      participe \u00e0 l\u2019\u00e9quilibre de l\u2019ensemble, dessinant une \u0153uvre \u00e0 la fois technique et expressive.<\/p>\n                    <p>De la conception \u00e0 la r\u00e9alisation, chaque \u00e9tape demande pr\u00e9cision et sensibilit\u00e9 : dessin, coupe du verre, coloration, peinture, cuisson, assemblage\u2026 Un travail d\u2019atelier o\u00f9 le geste artisanal s\u2019allie \u00e0 une v\u00e9ritable exigence technique.<\/p>\n                    <p><strong>Une mati\u00e8re vivante<\/strong><\/p>\n                    <p>Ce qui rend le vitrail unique, c\u2019est sa capacit\u00e9 \u00e0 \u00e9voluer au fil du jour. La lumi\u00e8re le traverse, le transforme et le fait vibrer. Les couleurs changent, les contrastes se modifient, cr\u00e9ant une ambiance toujours diff\u00e9rente. Le vitrail\n                      ne se regarde pas seulement : il habite l\u2019espace et lui donne une identit\u00e9.<\/p>\n                    <p><strong>Un art au service des lieux<\/strong><\/p>\n                    <p>Longtemps associ\u00e9 \u00e0 l\u2019architecture ancienne, le vitrail a su trouver sa place dans des contextes tr\u00e8s vari\u00e9s. \u00c9l\u00e9ment d\u00e9coratif, signature esth\u00e9tique ou point focal d\u2019un int\u00e9rieur, il apporte caract\u00e8re, \u00e9l\u00e9gance et singularit\u00e9, aussi\n                      bien dans des b\u00e2timents historiques que dans des projets contemporains.&nbsp;<\/p>\n                    <p><strong>Entre tradition et cr\u00e9ation<\/strong><\/p>\n                    <p>Ancr\u00e9 dans des techniques ancestrales, le vitrail continue d\u2019\u00e9voluer. Aujourd\u2019hui, il s\u2019ouvre \u00e0 de nouvelles formes, de nouveaux styles et \u00e0 des usages innovants, tout en conservant l\u2019essence de son savoir-faire. Chaque cr\u00e9ation ou\n                      restauration s\u2019inscrit ainsi dans une continuit\u00e9, entre respect du pass\u00e9 et regard vers l\u2019avenir.<\/p>\n                    <p><strong>Un art de transmission<\/strong><\/p>\n                    <p>Le vitrail est un art durable, mais aussi exigeant. Sa pr\u00e9servation demande une attention particuli\u00e8re et une connaissance approfondie des techniques traditionnelles. Restaurer un vitrail, c\u2019est prolonger la vie d\u2019une \u0153uvre, pr\u00e9server\n                      son histoire et transmettre un savoir-faire.<\/p>\n                  <\/div>\n                <\/div>\n              <\/div>\n            <\/div>\n          <\/div>\n        <\/div>\n      <\/div>\n      <div data-colibri-id=\"168-c6\" class=\"h-row-container gutters-row-lg-2 gutters-row-md-2 gutters-row-0 gutters-row-v-lg-2 gutters-row-v-md-2 gutters-row-v-2 style-708 style-local-168-c6 position-relative\">\n        <!---->\n        <div class=\"h-row justify-content-lg-center justify-content-md-center justify-content-center align-items-lg-stretch align-items-md-stretch align-items-stretch gutters-col-lg-2 gutters-col-md-2 gutters-col-0 gutters-col-v-lg-2 gutters-col-v-md-2 gutters-col-v-2\">\n          <!---->\n          <div class=\"h-column h-column-container d-flex h-col-lg-auto h-col-md-auto h-col-auto style-709-outer style-local-168-c7-outer\">\n            <div data-colibri-id=\"168-c7\" class=\"d-flex h-flex-basis h-column__inner h-px-lg-2 h-px-md-2 h-px-2 v-inner-lg-2 v-inner-md-2 v-inner-2 style-709 style-local-168-c7 position-relative\">\n              <!---->\n              <!---->\n              <div class=\"w-100 h-y-container h-column__content h-column__v-align flex-basis-100 align-self-lg-start align-self-md-start align-self-start\">\n                <!---->\n                <div data-colibri-id=\"168-c8\" class=\"d-block style-704 style-local-168-c8 position-relative h-element\">\n                  <!---->\n                  <div class=\"h-image__frame-container-outer\">\n                    <div class=\"h-image__frame-container\">\n                      <!---->\n                      <!---->\n                      <img loading=\"lazy\" decoding=\"async\" width=\"2560\" height=\"728\" src=\"https:\/\/vitrail-beaubreuil.fr\/wp-content\/uploads\/2020\/12\/5-scaled.jpg\" class=\"wp-image-464 style-704-image style-local-168-c8-image\" alt=\"Atelier de vitrail Christian BEAUBREUIL cr\u00e9ation art vitrail\" srcset=\"https:\/\/vitrail-beaubreuil.fr\/wp-content\/uploads\/2020\/12\/5-scaled.jpg 2560w, https:\/\/vitrail-beaubreuil.fr\/wp-content\/uploads\/2020\/12\/5-300x85.jpg 300w, https:\/\/vitrail-beaubreuil.fr\/wp-content\/uploads\/2020\/12\/5-1024x291.jpg 1024w, https:\/\/vitrail-beaubreuil.fr\/wp-content\/uploads\/2020\/12\/5-768x218.jpg 768w, https:\/\/vitrail-beaubreuil.fr\/wp-content\/uploads\/2020\/12\/5-1536x437.jpg 1536w, https:\/\/vitrail-beaubreuil.fr\/wp-content\/uploads\/2020\/12\/5-2048x582.jpg 2048w\" sizes=\"auto, (max-width: 2560px) 100vw, 2560px\" \/>\n                      <div class=\"h-image__frame h-hide-lg h-hide-md h-hide-sm style-704-frameImage style-local-168-c8-frameImage\"><\/div>\n                    <\/div>\n                  <\/div>\n                <\/div>\n              <\/div>\n            <\/div>\n          <\/div>\n        <\/div>\n      <\/div>\n    <\/div>\n  <\/div>\n  <div data-colibri-component=\"section\" data-colibri-id=\"168-c16\" id=\"custom-2\" class=\"h-section h-section-global-spacing d-flex align-items-lg-center align-items-md-center align-items-center style-1216 style-local-168-c16 position-relative\">\n    <!---->\n    <!---->\n    <div class=\"h-section-grid-container h-section-boxed-container\">\n      <!---->\n      <div data-colibri-id=\"168-c17\" class=\"h-row-container gutters-row-lg-2 gutters-row-md-2 gutters-row-0 gutters-row-v-lg-2 gutters-row-v-md-2 gutters-row-v-2 style-1217 style-local-168-c17 position-relative\">\n        <!---->\n        <div class=\"h-row justify-content-lg-center justify-content-md-center justify-content-center align-items-lg-stretch align-items-md-stretch align-items-stretch gutters-col-lg-2 gutters-col-md-2 gutters-col-0 gutters-col-v-lg-2 gutters-col-v-md-2 gutters-col-v-2\">\n          <!---->\n          <div class=\"h-column h-column-container d-flex h-col-lg-auto h-col-md-auto h-col-auto style-1218-outer style-local-168-c18-outer\">\n            <div data-colibri-id=\"168-c18\" class=\"d-flex h-flex-basis h-column__inner h-px-lg-2 h-px-md-2 h-px-2 v-inner-lg-2 v-inner-md-2 v-inner-2 style-1218 style-local-168-c18 position-relative\">\n              <!---->\n              <!---->\n              <div class=\"w-100 h-y-container h-column__content h-column__v-align flex-basis-100 align-self-lg-start align-self-md-start align-self-start\">\n                <!---->\n                <div data-colibri-id=\"168-c19\" class=\"h-text h-text-component style-1219 style-local-168-c19 position-relative h-element\">\n                  <!---->\n                  <!---->\n                  <div class=\"\">\n                    <p><strong>Le vitrail n\u2019est pas une simple ouverture : c\u2019est une \u00e9criture de lumi\u00e8re, au service des espaces et de ceux qui les vivent.<\/strong><\/p>\n                  <\/div>\n                <\/div>\n              <\/div>\n            <\/div>\n          <\/div>\n        <\/div>\n      <\/div>\n    <\/div>\n  <\/div>\n<\/div>","protected":false},"excerpt":{"rendered":"<p>Le vitrail, entre mati\u00e8re, lumi\u00e8re et savoir-faire Le vitrail est avant tout une rencontre entre la mati\u00e8re et la lumi\u00e8re. Il na\u00eet de l\u2019assemblage minutieux de pi\u00e8ces de verre, color\u00e9es dans la masse ou peintes, d\u00e9coup\u00e9es puis reli\u00e9es par un r\u00e9seau de plomb. Chaque ligne, chaque teinte participe \u00e0 l\u2019\u00e9quilibre de l\u2019ensemble, dessinant une \u0153uvre [&hellip;]<\/p>\n","protected":false},"author":1,"featured_media":0,"parent":0,"menu_order":0,"comment_status":"closed","ping_status":"closed","template":"page-templates\/full-width-page.php","meta":{"footnotes":""},"class_list":["post-168","page","type-page","status-publish","hentry"],"yoast_head":"<!-- This site is optimized with the Yoast SEO plugin v27.5 - https:\/\/yoast.com\/product\/yoast-seo-wordpress\/ -->\n<title>Le vitrail - Atelier de vitrail - Christian BEAUBREUIL<\/title>\n<meta name=\"robots\" content=\"index, follow, max-snippet:-1, max-image-preview:large, max-video-preview:-1\" \/>\n<link rel=\"canonical\" href=\"https:\/\/vitrail-beaubreuil.fr\/index.php\/le-vitrail\/\" \/>\n<meta property=\"og:locale\" content=\"fr_FR\" \/>\n<meta property=\"og:type\" content=\"article\" \/>\n<meta property=\"og:title\" content=\"Le vitrail - Atelier de vitrail - Christian BEAUBREUIL\" \/>\n<meta property=\"og:description\" content=\"Le vitrail, entre mati\u00e8re, lumi\u00e8re et savoir-faire Le vitrail est avant tout une rencontre entre la mati\u00e8re et la lumi\u00e8re. Il na\u00eet de l\u2019assemblage minutieux de pi\u00e8ces de verre, color\u00e9es dans la masse ou peintes, d\u00e9coup\u00e9es puis reli\u00e9es par un r\u00e9seau de plomb. Chaque ligne, chaque teinte participe \u00e0 l\u2019\u00e9quilibre de l\u2019ensemble, dessinant une \u0153uvre [&hellip;]\" \/>\n<meta property=\"og:url\" content=\"https:\/\/vitrail-beaubreuil.fr\/index.php\/le-vitrail\/\" \/>\n<meta property=\"og:site_name\" content=\"Atelier de vitrail - Christian BEAUBREUIL\" \/>\n<meta property=\"article:modified_time\" content=\"2026-04-12T16:48:24+00:00\" \/>\n<meta property=\"og:image\" content=\"https:\/\/vitrail-beaubreuil.fr\/wp-content\/uploads\/2020\/12\/5-scaled.jpg\" \/>\n\t<meta property=\"og:image:width\" content=\"2560\" \/>\n\t<meta property=\"og:image:height\" content=\"728\" \/>\n\t<meta property=\"og:image:type\" content=\"image\/jpeg\" \/>\n<meta name=\"twitter:card\" content=\"summary_large_image\" \/>\n<meta name=\"twitter:label1\" content=\"Dur\u00e9e de lecture estim\u00e9e\" \/>\n\t<meta name=\"twitter:data1\" content=\"1 minute\" \/>\n<script type=\"application\/ld+json\" class=\"yoast-schema-graph\">{\"@context\":\"https:\\\/\\\/schema.org\",\"@graph\":[{\"@type\":\"WebPage\",\"@id\":\"https:\\\/\\\/vitrail-beaubreuil.fr\\\/index.php\\\/le-vitrail\\\/\",\"url\":\"https:\\\/\\\/vitrail-beaubreuil.fr\\\/index.php\\\/le-vitrail\\\/\",\"name\":\"Le vitrail - Atelier de vitrail - Christian BEAUBREUIL\",\"isPartOf\":{\"@id\":\"https:\\\/\\\/vitrail-beaubreuil.fr\\\/#website\"},\"primaryImageOfPage\":{\"@id\":\"https:\\\/\\\/vitrail-beaubreuil.fr\\\/index.php\\\/le-vitrail\\\/#primaryimage\"},\"image\":{\"@id\":\"https:\\\/\\\/vitrail-beaubreuil.fr\\\/index.php\\\/le-vitrail\\\/#primaryimage\"},\"thumbnailUrl\":\"https:\\\/\\\/vitrail-beaubreuil.fr\\\/wp-content\\\/uploads\\\/2020\\\/12\\\/5-scaled.jpg\",\"datePublished\":\"2020-11-27T11:01:18+00:00\",\"dateModified\":\"2026-04-12T16:48:24+00:00\",\"breadcrumb\":{\"@id\":\"https:\\\/\\\/vitrail-beaubreuil.fr\\\/index.php\\\/le-vitrail\\\/#breadcrumb\"},\"inLanguage\":\"fr-FR\",\"potentialAction\":[{\"@type\":\"ReadAction\",\"target\":[\"https:\\\/\\\/vitrail-beaubreuil.fr\\\/index.php\\\/le-vitrail\\\/\"]}]},{\"@type\":\"ImageObject\",\"inLanguage\":\"fr-FR\",\"@id\":\"https:\\\/\\\/vitrail-beaubreuil.fr\\\/index.php\\\/le-vitrail\\\/#primaryimage\",\"url\":\"https:\\\/\\\/vitrail-beaubreuil.fr\\\/wp-content\\\/uploads\\\/2020\\\/12\\\/5-scaled.jpg\",\"contentUrl\":\"https:\\\/\\\/vitrail-beaubreuil.fr\\\/wp-content\\\/uploads\\\/2020\\\/12\\\/5-scaled.jpg\",\"width\":2560,\"height\":728,\"caption\":\"Atelier de vitrail Christian BEAUBREUIL cr\u00e9ation art vitrail\"},{\"@type\":\"BreadcrumbList\",\"@id\":\"https:\\\/\\\/vitrail-beaubreuil.fr\\\/index.php\\\/le-vitrail\\\/#breadcrumb\",\"itemListElement\":[{\"@type\":\"ListItem\",\"position\":1,\"name\":\"Home\",\"item\":\"https:\\\/\\\/vitrail-beaubreuil.fr\\\/\"},{\"@type\":\"ListItem\",\"position\":2,\"name\":\"Le vitrail\"}]},{\"@type\":\"WebSite\",\"@id\":\"https:\\\/\\\/vitrail-beaubreuil.fr\\\/#website\",\"url\":\"https:\\\/\\\/vitrail-beaubreuil.fr\\\/\",\"name\":\"Atelier de vitrail - Christian BEAUBREUIL\",\"description\":\"Vitrailliste Pays de la Loire\",\"publisher\":{\"@id\":\"https:\\\/\\\/vitrail-beaubreuil.fr\\\/#organization\"},\"potentialAction\":[{\"@type\":\"SearchAction\",\"target\":{\"@type\":\"EntryPoint\",\"urlTemplate\":\"https:\\\/\\\/vitrail-beaubreuil.fr\\\/?s={search_term_string}\"},\"query-input\":{\"@type\":\"PropertyValueSpecification\",\"valueRequired\":true,\"valueName\":\"search_term_string\"}}],\"inLanguage\":\"fr-FR\"},{\"@type\":\"Organization\",\"@id\":\"https:\\\/\\\/vitrail-beaubreuil.fr\\\/#organization\",\"name\":\"Atelier de vitrail - Christian BEAUBREUIL\",\"url\":\"https:\\\/\\\/vitrail-beaubreuil.fr\\\/\",\"logo\":{\"@type\":\"ImageObject\",\"inLanguage\":\"fr-FR\",\"@id\":\"https:\\\/\\\/vitrail-beaubreuil.fr\\\/#\\\/schema\\\/logo\\\/image\\\/\",\"url\":\"https:\\\/\\\/vitrail-beaubreuil.fr\\\/wp-content\\\/uploads\\\/2023\\\/09\\\/Logo-Beaubreuil.png\",\"contentUrl\":\"https:\\\/\\\/vitrail-beaubreuil.fr\\\/wp-content\\\/uploads\\\/2023\\\/09\\\/Logo-Beaubreuil.png\",\"width\":1280,\"height\":640,\"caption\":\"Atelier de vitrail - Christian BEAUBREUIL\"},\"image\":{\"@id\":\"https:\\\/\\\/vitrail-beaubreuil.fr\\\/#\\\/schema\\\/logo\\\/image\\\/\"}}]}<\/script>\n<!-- \/ Yoast SEO plugin. -->","yoast_head_json":{"title":"Le vitrail - Atelier de vitrail - Christian BEAUBREUIL","robots":{"index":"index","follow":"follow","max-snippet":"max-snippet:-1","max-image-preview":"max-image-preview:large","max-video-preview":"max-video-preview:-1"},"canonical":"https:\/\/vitrail-beaubreuil.fr\/index.php\/le-vitrail\/","og_locale":"fr_FR","og_type":"article","og_title":"Le vitrail - Atelier de vitrail - Christian BEAUBREUIL","og_description":"Le vitrail, entre mati\u00e8re, lumi\u00e8re et savoir-faire Le vitrail est avant tout une rencontre entre la mati\u00e8re et la lumi\u00e8re. Il na\u00eet de l\u2019assemblage minutieux de pi\u00e8ces de verre, color\u00e9es dans la masse ou peintes, d\u00e9coup\u00e9es puis reli\u00e9es par un r\u00e9seau de plomb. Chaque ligne, chaque teinte participe \u00e0 l\u2019\u00e9quilibre de l\u2019ensemble, dessinant une \u0153uvre [&hellip;]","og_url":"https:\/\/vitrail-beaubreuil.fr\/index.php\/le-vitrail\/","og_site_name":"Atelier de vitrail - Christian BEAUBREUIL","article_modified_time":"2026-04-12T16:48:24+00:00","og_image":[{"width":2560,"height":728,"url":"https:\/\/vitrail-beaubreuil.fr\/wp-content\/uploads\/2020\/12\/5-scaled.jpg","type":"image\/jpeg"}],"twitter_card":"summary_large_image","twitter_misc":{"Dur\u00e9e de lecture estim\u00e9e":"1 minute"},"schema":{"@context":"https:\/\/schema.org","@graph":[{"@type":"WebPage","@id":"https:\/\/vitrail-beaubreuil.fr\/index.php\/le-vitrail\/","url":"https:\/\/vitrail-beaubreuil.fr\/index.php\/le-vitrail\/","name":"Le vitrail - Atelier de vitrail - Christian BEAUBREUIL","isPartOf":{"@id":"https:\/\/vitrail-beaubreuil.fr\/#website"},"primaryImageOfPage":{"@id":"https:\/\/vitrail-beaubreuil.fr\/index.php\/le-vitrail\/#primaryimage"},"image":{"@id":"https:\/\/vitrail-beaubreuil.fr\/index.php\/le-vitrail\/#primaryimage"},"thumbnailUrl":"https:\/\/vitrail-beaubreuil.fr\/wp-content\/uploads\/2020\/12\/5-scaled.jpg","datePublished":"2020-11-27T11:01:18+00:00","dateModified":"2026-04-12T16:48:24+00:00","breadcrumb":{"@id":"https:\/\/vitrail-beaubreuil.fr\/index.php\/le-vitrail\/#breadcrumb"},"inLanguage":"fr-FR","potentialAction":[{"@type":"ReadAction","target":["https:\/\/vitrail-beaubreuil.fr\/index.php\/le-vitrail\/"]}]},{"@type":"ImageObject","inLanguage":"fr-FR","@id":"https:\/\/vitrail-beaubreuil.fr\/index.php\/le-vitrail\/#primaryimage","url":"https:\/\/vitrail-beaubreuil.fr\/wp-content\/uploads\/2020\/12\/5-scaled.jpg","contentUrl":"https:\/\/vitrail-beaubreuil.fr\/wp-content\/uploads\/2020\/12\/5-scaled.jpg","width":2560,"height":728,"caption":"Atelier de vitrail Christian BEAUBREUIL cr\u00e9ation art vitrail"},{"@type":"BreadcrumbList","@id":"https:\/\/vitrail-beaubreuil.fr\/index.php\/le-vitrail\/#breadcrumb","itemListElement":[{"@type":"ListItem","position":1,"name":"Home","item":"https:\/\/vitrail-beaubreuil.fr\/"},{"@type":"ListItem","position":2,"name":"Le vitrail"}]},{"@type":"WebSite","@id":"https:\/\/vitrail-beaubreuil.fr\/#website","url":"https:\/\/vitrail-beaubreuil.fr\/","name":"Atelier de vitrail - Christian BEAUBREUIL","description":"Vitrailliste Pays de la Loire","publisher":{"@id":"https:\/\/vitrail-beaubreuil.fr\/#organization"},"potentialAction":[{"@type":"SearchAction","target":{"@type":"EntryPoint","urlTemplate":"https:\/\/vitrail-beaubreuil.fr\/?s={search_term_string}"},"query-input":{"@type":"PropertyValueSpecification","valueRequired":true,"valueName":"search_term_string"}}],"inLanguage":"fr-FR"},{"@type":"Organization","@id":"https:\/\/vitrail-beaubreuil.fr\/#organization","name":"Atelier de vitrail - Christian BEAUBREUIL","url":"https:\/\/vitrail-beaubreuil.fr\/","logo":{"@type":"ImageObject","inLanguage":"fr-FR","@id":"https:\/\/vitrail-beaubreuil.fr\/#\/schema\/logo\/image\/","url":"https:\/\/vitrail-beaubreuil.fr\/wp-content\/uploads\/2023\/09\/Logo-Beaubreuil.png","contentUrl":"https:\/\/vitrail-beaubreuil.fr\/wp-content\/uploads\/2023\/09\/Logo-Beaubreuil.png","width":1280,"height":640,"caption":"Atelier de vitrail - Christian BEAUBREUIL"},"image":{"@id":"https:\/\/vitrail-beaubreuil.fr\/#\/schema\/logo\/image\/"}}]}},"_links":{"self":[{"href":"https:\/\/vitrail-beaubreuil.fr\/index.php\/wp-json\/wp\/v2\/pages\/168","targetHints":{"allow":["GET"]}}],"collection":[{"href":"https:\/\/vitrail-beaubreuil.fr\/index.php\/wp-json\/wp\/v2\/pages"}],"about":[{"href":"https:\/\/vitrail-beaubreuil.fr\/index.php\/wp-json\/wp\/v2\/types\/page"}],"author":[{"embeddable":true,"href":"https:\/\/vitrail-beaubreuil.fr\/index.php\/wp-json\/wp\/v2\/users\/1"}],"replies":[{"embeddable":true,"href":"https:\/\/vitrail-beaubreuil.fr\/index.php\/wp-json\/wp\/v2\/comments?post=168"}],"version-history":[{"count":10,"href":"https:\/\/vitrail-beaubreuil.fr\/index.php\/wp-json\/wp\/v2\/pages\/168\/revisions"}],"predecessor-version":[{"id":2054,"href":"https:\/\/vitrail-beaubreuil.fr\/index.php\/wp-json\/wp\/v2\/pages\/168\/revisions\/2054"}],"wp:attachment":[{"href":"https:\/\/vitrail-beaubreuil.fr\/index.php\/wp-json\/wp\/v2\/media?parent=168"}],"curies":[{"name":"wp","href":"https:\/\/api.w.org\/{rel}","templated":true}]}}