{"id":188,"date":"2020-11-27T11:49:33","date_gmt":"2020-11-27T11:49:33","guid":{"rendered":"https:\/\/vitrail-beaubreuil.fr\/?page_id=188"},"modified":"2020-12-17T00:16:02","modified_gmt":"2020-12-17T00:16:02","slug":"mentions-legales","status":"publish","type":"page","link":"https:\/\/vitrail-beaubreuil.fr\/index.php\/mentions-legales\/","title":{"rendered":"Mentions L\u00e9gales"},"content":{"rendered":"<p><strong>Identification<\/strong><\/p>\n<ul>\n<li>D\u00e9nomination sociale ou raison sociale : EURL ATELIER DE VITRAIL &#8211; CHRISTIAN BEAUBREUIL<\/li>\n<li>Adresse du si\u00e8ge social : 20 La Brellerie &#8211; Le Fresne sur Loire 49123 INGRANDES-LE-FRESNE-SUR-LOIRE<\/li>\n<li>Num\u00e9ro de t\u00e9l\u00e9phone : 06 77 40 77 86<\/li>\n<li>Adresse de courrier \u00e9lectronique : contact (@) vitrail-beaubreuil.fr<\/li>\n<li>Forme juridique de la soci\u00e9t\u00e9 : EURL<\/li>\n<li>Montant du capital social : 2000 \u20ac<\/li>\n<li>Nom du directeur de la publication : Christian BEAUBREUIL<\/li>\n<li>Responsable de la r\u00e9daction : Claudie LEPRESTRE (OPTIM assistance)<\/li>\n<li>Nom, d\u00e9nomination ou raison sociale et adresse et num\u00e9ro de t\u00e9l\u00e9phone de l&rsquo;h\u00e9bergeur du site vitrail-beaubreuil.fr : Le site vitrail-beaubreuil.fr est h\u00e9berg\u00e9 par l\u2019association Proxgroup \u2013 Chez M. COTTEY \u2013 12 Rue Gr\u00e9court \u2013 37000 TOURS. Courriel : <a href=\"https:\/\/www.proxgroup.fr\/mentions-legales#\"><span class=\"details\">contact@proxgroup.fr<\/span><\/a><\/li>\n<\/ul>\n<p><strong>Activit\u00e9<\/strong><\/p>\n<ul>\n<li>Num\u00e9ro d&rsquo;inscription au r\u00e9pertoire des m\u00e9tiers de Angers (49) : 828 936 765<\/li>\n<\/ul>\n<p><strong>Mentions relatives \u00e0 l&rsquo;utilisation de donn\u00e9es personnelles<\/strong><\/p>\n<p>Les informations recueillies sur ce formulaire sont enregistr\u00e9es dans un fichier informatis\u00e9 par Atelier de vitrail Christian Beaubreuil 20 La Brellerie &#8211; Le Fresne sur Loire 49123 INGRANDES-LE-FRESNE-SUR-LOIRE avec pour seule finalit\u00e9 de pouvoir apporter une r\u00e9ponse \u00e0 votre message. La base l\u00e9gale du traitement est le consentement.<\/p>\n<p>Les donn\u00e9es collect\u00e9es seront communiqu\u00e9es aux seuls destinataires suivants : Atelier de Vitrail Chritian Beaubreuil.<\/p>\n<p>Les donn\u00e9es sont conserv\u00e9es pendant 3 ans \u00e0 compter du dernier contact.<\/p>\n<p>Vous pouvez acc\u00e9der aux donn\u00e9es vous concernant, les rectifier, demander leur effacement ou exercer votre droit \u00e0 la limitation du traitement de vos donn\u00e9es. Vous pouvez retirer \u00e0 tout moment votre consentement au traitement de vos donn\u00e9es.<\/p>\n<p>Consultez le site cnil.fr pour plus d\u2019informations sur vos droits.<\/p>\n<p>Pour exercer ces droits ou pour toute question sur le traitement de vos donn\u00e9es dans ce dispositif, vous pouvez contacter notre d\u00e9l\u00e9gu\u00e9 \u00e0 la protection des donn\u00e9es : Atelier de vitrail Christian Beaubreuil 20 La Brellerie &#8211; Le Fresne sur Loire 49123 INGRANDES-LE-FRESNE-SUR-LOIRE<\/p>\n<p>Si vous estimez, apr\u00e8s nous avoir contact\u00e9s, que vos droits \u00ab Informatique et Libert\u00e9s \u00bb ne sont pas respect\u00e9s, vous pouvez adresser une r\u00e9clamation \u00e0 la CNIL.<\/p>\n","protected":false},"excerpt":{"rendered":"<p>Identification D\u00e9nomination sociale ou raison sociale : EURL ATELIER DE VITRAIL &#8211; CHRISTIAN BEAUBREUIL Adresse du si\u00e8ge social : 20 La Brellerie &#8211; Le Fresne sur Loire 49123 INGRANDES-LE-FRESNE-SUR-LOIRE Num\u00e9ro de t\u00e9l\u00e9phone : 06 77 40 77 86 Adresse de courrier \u00e9lectronique : contact (@) vitrail-beaubreuil.fr Forme juridique de la soci\u00e9t\u00e9 : EURL Montant du [&hellip;]<\/p>\n","protected":false},"author":1,"featured_media":0,"parent":0,"menu_order":0,"comment_status":"closed","ping_status":"closed","template":"","meta":{"footnotes":""},"class_list":["post-188","page","type-page","status-publish","hentry"],"yoast_head":"<!-- This site is optimized with the Yoast SEO plugin v27.5 - https:\/\/yoast.com\/product\/yoast-seo-wordpress\/ -->\n<title>Mentions L\u00e9gales - Atelier de vitrail - Christian BEAUBREUIL<\/title>\n<meta name=\"robots\" content=\"index, follow, max-snippet:-1, max-image-preview:large, max-video-preview:-1\" \/>\n<link rel=\"canonical\" href=\"https:\/\/vitrail-beaubreuil.fr\/index.php\/mentions-legales\/\" \/>\n<meta property=\"og:locale\" content=\"fr_FR\" \/>\n<meta property=\"og:type\" content=\"article\" \/>\n<meta property=\"og:title\" content=\"Mentions L\u00e9gales - Atelier de vitrail - Christian BEAUBREUIL\" \/>\n<meta property=\"og:description\" content=\"Identification D\u00e9nomination sociale ou raison sociale : EURL ATELIER DE VITRAIL &#8211; CHRISTIAN BEAUBREUIL Adresse du si\u00e8ge social : 20 La Brellerie &#8211; Le Fresne sur Loire 49123 INGRANDES-LE-FRESNE-SUR-LOIRE Num\u00e9ro de t\u00e9l\u00e9phone : 06 77 40 77 86 Adresse de courrier \u00e9lectronique : contact (@) vitrail-beaubreuil.fr Forme juridique de la soci\u00e9t\u00e9 : EURL Montant du [&hellip;]\" \/>\n<meta property=\"og:url\" content=\"https:\/\/vitrail-beaubreuil.fr\/index.php\/mentions-legales\/\" \/>\n<meta property=\"og:site_name\" content=\"Atelier de vitrail - Christian BEAUBREUIL\" \/>\n<meta property=\"article:modified_time\" content=\"2020-12-17T00:16:02+00:00\" \/>\n<meta name=\"twitter:card\" content=\"summary_large_image\" \/>\n<meta name=\"twitter:label1\" content=\"Dur\u00e9e de lecture estim\u00e9e\" \/>\n\t<meta name=\"twitter:data1\" content=\"2 minutes\" \/>\n<script type=\"application\/ld+json\" class=\"yoast-schema-graph\">{\"@context\":\"https:\\\/\\\/schema.org\",\"@graph\":[{\"@type\":\"WebPage\",\"@id\":\"https:\\\/\\\/vitrail-beaubreuil.fr\\\/index.php\\\/mentions-legales\\\/\",\"url\":\"https:\\\/\\\/vitrail-beaubreuil.fr\\\/index.php\\\/mentions-legales\\\/\",\"name\":\"Mentions L\u00e9gales - Atelier de vitrail - Christian BEAUBREUIL\",\"isPartOf\":{\"@id\":\"https:\\\/\\\/vitrail-beaubreuil.fr\\\/#website\"},\"datePublished\":\"2020-11-27T11:49:33+00:00\",\"dateModified\":\"2020-12-17T00:16:02+00:00\",\"breadcrumb\":{\"@id\":\"https:\\\/\\\/vitrail-beaubreuil.fr\\\/index.php\\\/mentions-legales\\\/#breadcrumb\"},\"inLanguage\":\"fr-FR\",\"potentialAction\":[{\"@type\":\"ReadAction\",\"target\":[\"https:\\\/\\\/vitrail-beaubreuil.fr\\\/index.php\\\/mentions-legales\\\/\"]}]},{\"@type\":\"BreadcrumbList\",\"@id\":\"https:\\\/\\\/vitrail-beaubreuil.fr\\\/index.php\\\/mentions-legales\\\/#breadcrumb\",\"itemListElement\":[{\"@type\":\"ListItem\",\"position\":1,\"name\":\"Home\",\"item\":\"https:\\\/\\\/vitrail-beaubreuil.fr\\\/\"},{\"@type\":\"ListItem\",\"position\":2,\"name\":\"Mentions L\u00e9gales\"}]},{\"@type\":\"WebSite\",\"@id\":\"https:\\\/\\\/vitrail-beaubreuil.fr\\\/#website\",\"url\":\"https:\\\/\\\/vitrail-beaubreuil.fr\\\/\",\"name\":\"Atelier de vitrail - Christian BEAUBREUIL\",\"description\":\"Vitrailliste Pays de la Loire\",\"publisher\":{\"@id\":\"https:\\\/\\\/vitrail-beaubreuil.fr\\\/#organization\"},\"potentialAction\":[{\"@type\":\"SearchAction\",\"target\":{\"@type\":\"EntryPoint\",\"urlTemplate\":\"https:\\\/\\\/vitrail-beaubreuil.fr\\\/?s={search_term_string}\"},\"query-input\":{\"@type\":\"PropertyValueSpecification\",\"valueRequired\":true,\"valueName\":\"search_term_string\"}}],\"inLanguage\":\"fr-FR\"},{\"@type\":\"Organization\",\"@id\":\"https:\\\/\\\/vitrail-beaubreuil.fr\\\/#organization\",\"name\":\"Atelier de vitrail - Christian BEAUBREUIL\",\"url\":\"https:\\\/\\\/vitrail-beaubreuil.fr\\\/\",\"logo\":{\"@type\":\"ImageObject\",\"inLanguage\":\"fr-FR\",\"@id\":\"https:\\\/\\\/vitrail-beaubreuil.fr\\\/#\\\/schema\\\/logo\\\/image\\\/\",\"url\":\"https:\\\/\\\/vitrail-beaubreuil.fr\\\/wp-content\\\/uploads\\\/2023\\\/09\\\/Logo-Beaubreuil.png\",\"contentUrl\":\"https:\\\/\\\/vitrail-beaubreuil.fr\\\/wp-content\\\/uploads\\\/2023\\\/09\\\/Logo-Beaubreuil.png\",\"width\":1280,\"height\":640,\"caption\":\"Atelier de vitrail - Christian BEAUBREUIL\"},\"image\":{\"@id\":\"https:\\\/\\\/vitrail-beaubreuil.fr\\\/#\\\/schema\\\/logo\\\/image\\\/\"}}]}<\/script>\n<!-- \/ Yoast SEO plugin. -->","yoast_head_json":{"title":"Mentions L\u00e9gales - Atelier de vitrail - Christian BEAUBREUIL","robots":{"index":"index","follow":"follow","max-snippet":"max-snippet:-1","max-image-preview":"max-image-preview:large","max-video-preview":"max-video-preview:-1"},"canonical":"https:\/\/vitrail-beaubreuil.fr\/index.php\/mentions-legales\/","og_locale":"fr_FR","og_type":"article","og_title":"Mentions L\u00e9gales - Atelier de vitrail - Christian BEAUBREUIL","og_description":"Identification D\u00e9nomination sociale ou raison sociale : EURL ATELIER DE VITRAIL &#8211; CHRISTIAN BEAUBREUIL Adresse du si\u00e8ge social : 20 La Brellerie &#8211; Le Fresne sur Loire 49123 INGRANDES-LE-FRESNE-SUR-LOIRE Num\u00e9ro de t\u00e9l\u00e9phone : 06 77 40 77 86 Adresse de courrier \u00e9lectronique : contact (@) vitrail-beaubreuil.fr Forme juridique de la soci\u00e9t\u00e9 : EURL Montant du [&hellip;]","og_url":"https:\/\/vitrail-beaubreuil.fr\/index.php\/mentions-legales\/","og_site_name":"Atelier de vitrail - Christian BEAUBREUIL","article_modified_time":"2020-12-17T00:16:02+00:00","twitter_card":"summary_large_image","twitter_misc":{"Dur\u00e9e de lecture estim\u00e9e":"2 minutes"},"schema":{"@context":"https:\/\/schema.org","@graph":[{"@type":"WebPage","@id":"https:\/\/vitrail-beaubreuil.fr\/index.php\/mentions-legales\/","url":"https:\/\/vitrail-beaubreuil.fr\/index.php\/mentions-legales\/","name":"Mentions L\u00e9gales - Atelier de vitrail - Christian BEAUBREUIL","isPartOf":{"@id":"https:\/\/vitrail-beaubreuil.fr\/#website"},"datePublished":"2020-11-27T11:49:33+00:00","dateModified":"2020-12-17T00:16:02+00:00","breadcrumb":{"@id":"https:\/\/vitrail-beaubreuil.fr\/index.php\/mentions-legales\/#breadcrumb"},"inLanguage":"fr-FR","potentialAction":[{"@type":"ReadAction","target":["https:\/\/vitrail-beaubreuil.fr\/index.php\/mentions-legales\/"]}]},{"@type":"BreadcrumbList","@id":"https:\/\/vitrail-beaubreuil.fr\/index.php\/mentions-legales\/#breadcrumb","itemListElement":[{"@type":"ListItem","position":1,"name":"Home","item":"https:\/\/vitrail-beaubreuil.fr\/"},{"@type":"ListItem","position":2,"name":"Mentions L\u00e9gales"}]},{"@type":"WebSite","@id":"https:\/\/vitrail-beaubreuil.fr\/#website","url":"https:\/\/vitrail-beaubreuil.fr\/","name":"Atelier de vitrail - Christian BEAUBREUIL","description":"Vitrailliste Pays de la Loire","publisher":{"@id":"https:\/\/vitrail-beaubreuil.fr\/#organization"},"potentialAction":[{"@type":"SearchAction","target":{"@type":"EntryPoint","urlTemplate":"https:\/\/vitrail-beaubreuil.fr\/?s={search_term_string}"},"query-input":{"@type":"PropertyValueSpecification","valueRequired":true,"valueName":"search_term_string"}}],"inLanguage":"fr-FR"},{"@type":"Organization","@id":"https:\/\/vitrail-beaubreuil.fr\/#organization","name":"Atelier de vitrail - Christian BEAUBREUIL","url":"https:\/\/vitrail-beaubreuil.fr\/","logo":{"@type":"ImageObject","inLanguage":"fr-FR","@id":"https:\/\/vitrail-beaubreuil.fr\/#\/schema\/logo\/image\/","url":"https:\/\/vitrail-beaubreuil.fr\/wp-content\/uploads\/2023\/09\/Logo-Beaubreuil.png","contentUrl":"https:\/\/vitrail-beaubreuil.fr\/wp-content\/uploads\/2023\/09\/Logo-Beaubreuil.png","width":1280,"height":640,"caption":"Atelier de vitrail - Christian BEAUBREUIL"},"image":{"@id":"https:\/\/vitrail-beaubreuil.fr\/#\/schema\/logo\/image\/"}}]}},"_links":{"self":[{"href":"https:\/\/vitrail-beaubreuil.fr\/index.php\/wp-json\/wp\/v2\/pages\/188","targetHints":{"allow":["GET"]}}],"collection":[{"href":"https:\/\/vitrail-beaubreuil.fr\/index.php\/wp-json\/wp\/v2\/pages"}],"about":[{"href":"https:\/\/vitrail-beaubreuil.fr\/index.php\/wp-json\/wp\/v2\/types\/page"}],"author":[{"embeddable":true,"href":"https:\/\/vitrail-beaubreuil.fr\/index.php\/wp-json\/wp\/v2\/users\/1"}],"replies":[{"embeddable":true,"href":"https:\/\/vitrail-beaubreuil.fr\/index.php\/wp-json\/wp\/v2\/comments?post=188"}],"version-history":[{"count":5,"href":"https:\/\/vitrail-beaubreuil.fr\/index.php\/wp-json\/wp\/v2\/pages\/188\/revisions"}],"predecessor-version":[{"id":773,"href":"https:\/\/vitrail-beaubreuil.fr\/index.php\/wp-json\/wp\/v2\/pages\/188\/revisions\/773"}],"wp:attachment":[{"href":"https:\/\/vitrail-beaubreuil.fr\/index.php\/wp-json\/wp\/v2\/media?parent=188"}],"curies":[{"name":"wp","href":"https:\/\/api.w.org\/{rel}","templated":true}]}}